{"id":12029,"date":"2020-06-25T11:15:43","date_gmt":"2020-06-25T09:15:43","guid":{"rendered":"https:\/\/taleke.world\/comienza\/"},"modified":"2025-07-11T17:47:55","modified_gmt":"2025-07-11T15:47:55","slug":"comienza","status":"publish","type":"page","link":"https:\/\/taleke.world\/es\/","title":{"rendered":"Inicio"},"content":{"rendered":"\n<div class=\"wp-block-group is-layout-constrained wp-block-group-is-layout-constrained\"><div class=\"wp-block-group__inner-container\">\n<div class=\"wp-block-group is-layout-constrained wp-block-group-is-layout-constrained\"><div class=\"wp-block-group__inner-container\">\n<div class=\"wp-block-group is-layout-constrained wp-block-group-is-layout-constrained\"><div class=\"wp-block-group__inner-container\">\n<div class=\"wp-block-group is-layout-constrained wp-block-group-is-layout-constrained\"><div class=\"wp-block-group__inner-container\"><\/div><\/div>\n\n\n\n<figure class=\"wp-block-image size-full nur-desktop\"><img loading=\"lazy\" decoding=\"async\" width=\"960\" height=\"679\" src=\"https:\/\/taleke.world\/wp-content\/uploads\/2025\/07\/ES-1-try.png\" alt=\"\" class=\"wp-image-12279\" srcset=\"https:\/\/taleke.world\/wp-content\/uploads\/2025\/07\/ES-1-try.png 960w, https:\/\/taleke.world\/wp-content\/uploads\/2025\/07\/ES-1-try-300x212.png 300w, https:\/\/taleke.world\/wp-content\/uploads\/2025\/07\/ES-1-try-768x543.png 768w, https:\/\/taleke.world\/wp-content\/uploads\/2025\/07\/ES-1-try-580x410.png 580w\" sizes=\"auto, (max-width: 960px) 100vw, 960px\" \/><\/figure>\n\n\n\n<p><\/p>\n<\/div><\/div>\n<\/div><\/div>\n\n\n\n<figure class=\"wp-block-image size-full nur-mobil\"><img loading=\"lazy\" decoding=\"async\" width=\"540\" height=\"675\" src=\"https:\/\/taleke.world\/wp-content\/uploads\/2025\/07\/ES-mobil.png\" alt=\"\" class=\"wp-image-12289\" srcset=\"https:\/\/taleke.world\/wp-content\/uploads\/2025\/07\/ES-mobil.png 540w, https:\/\/taleke.world\/wp-content\/uploads\/2025\/07\/ES-mobil-240x300.png 240w\" sizes=\"auto, (max-width: 540px) 100vw, 540px\" \/><\/figure>\n<\/div><\/div>\n\n\n\n<div class=\"wp-block-group alignfull clearfix is-layout-flow wp-block-group-is-layout-flow\"><div class=\"wp-block-group__inner-container\">\n<div class=\"wp-block-columns is-layout-flex wp-container-core-columns-is-layout-28f84493 wp-block-columns-is-layout-flex\">\n<div class=\"wp-block-column is-layout-flow wp-block-column-is-layout-flow\" style=\"flex-basis:66.66%\">\n<div class=\"wp-block-group is-layout-constrained wp-block-group-is-layout-constrained\"><div class=\"wp-block-group__inner-container\">\n<figure class=\"wp-block-image size-full\"><img loading=\"lazy\" decoding=\"async\" width=\"861\" height=\"154\" src=\"https:\/\/taleke.world\/wp-content\/uploads\/2025\/07\/Bienvenida-1.png\" alt=\"\" class=\"wp-image-12156\" srcset=\"https:\/\/taleke.world\/wp-content\/uploads\/2025\/07\/Bienvenida-1.png 861w, https:\/\/taleke.world\/wp-content\/uploads\/2025\/07\/Bienvenida-1-300x54.png 300w, https:\/\/taleke.world\/wp-content\/uploads\/2025\/07\/Bienvenida-1-768x137.png 768w, https:\/\/taleke.world\/wp-content\/uploads\/2025\/07\/Bienvenida-1-580x104.png 580w\" sizes=\"auto, (max-width: 861px) 100vw, 861px\" \/><\/figure>\n<\/div><\/div>\n\n\n<div class=\"slogan links \">\n<div class=\"preambel\">\n<span style=\"color:#0000;\"><\/span>\n<\/div>\n<h2 style=\"font-size:30px;\"><span class=\"slogan-mobile\"><\/span><\/h2><span style=\"background:#0000\"><\/span><\/div>\n\n\n<p>Estoy encantada de que me hayas encontrado y hayas aterrizado en \u00abmi mundo\u00bb. <br>B\u00e1sicamente, se trata de la salud de la mujer, el poder de las hormonas y c\u00f3mo las mujeres podemos influir positivamente en ellas, especialmente durante la perimenopausia y menopausia.<br>Mi libro \u00abA\u00d1OS DE INNOVACI\u00d3N &#8211; Radiante y relajada durante la menopausia\u00bb acaba de publicarse, y el t\u00edtulo lo dice todo: <br>Te mostrar\u00e9 c\u00f3mo dominar el caos hormonal de forma sana, en forma y con energ\u00eda.<\/p>\n\n\n\n<div style=\"height:60px\" aria-hidden=\"true\" class=\"wp-block-spacer\"><\/div>\n<\/div>\n<\/div>\n<\/div><\/div>\n\n\n\n<p><\/p>\n\n\n\n<div class=\"wp-block-media-text has-media-on-the-right is-stacked-on-mobile is-image-fill-element has-background\" style=\"background-color:#fdfdfd;grid-template-columns:auto 45%\"><div class=\"wp-block-media-text__content\">\n<p class=\"has-medium-font-size\"><strong>\u00bf\u00a1A\u00d1OS DE INNOVACI\u00d3N!?<\/strong><\/p>\n\n\n\n<p class=\"has-medium-font-size\">\u00bfPero no se dice menopausia? \u00bfO perimenopausia?  <br>\u00bfO algo con \u00abclima\u00bb&#8230;?<\/p>\n\n\n\n<p>Y precisamente porque hab\u00eda o\u00eddo demasiadas veces estos viejos y polvorientos t\u00e9rminos, siempre con el a\u00f1adido \u00abAs\u00ed ha sido siempre, tienes que pasar por ello\u00bb, me gustar\u00eda darle a esta maravillosa fase de la vida un toque m\u00e1s moderno.<br>El estereotipo de la mujer canosa, sin forma y sudorosa con un abanico en la mano es cosa del pasado.<br>Hoy en d\u00eda, las mujeres en sus a\u00f1os de innovaci\u00f3n somos fuertes, equilibradas y seguras de nosotras mismas.<\/p>\n\n\n\n<p><\/p>\n<\/div><figure class=\"wp-block-media-text__media\"><img loading=\"lazy\" decoding=\"async\" width=\"1024\" height=\"553\" src=\"https:\/\/taleke.world\/wp-content\/uploads\/2024\/12\/3women-1-1024x553.jpeg\" alt=\"\" class=\"wp-image-11217 size-full\" style=\"object-position:50% 50%\" srcset=\"https:\/\/taleke.world\/wp-content\/uploads\/2024\/12\/3women-1-1024x553.jpeg 1024w, https:\/\/taleke.world\/wp-content\/uploads\/2024\/12\/3women-1-300x162.jpeg 300w, https:\/\/taleke.world\/wp-content\/uploads\/2024\/12\/3women-1-768x415.jpeg 768w, https:\/\/taleke.world\/wp-content\/uploads\/2024\/12\/3women-1-1536x829.jpeg 1536w, https:\/\/taleke.world\/wp-content\/uploads\/2024\/12\/3women-1-580x313.jpeg 580w, https:\/\/taleke.world\/wp-content\/uploads\/2024\/12\/3women-1-1160x626.jpeg 1160w, https:\/\/taleke.world\/wp-content\/uploads\/2024\/12\/3women-1.jpeg 2000w\" sizes=\"auto, (max-width: 1024px) 100vw, 1024px\" \/><\/figure><\/div>\n\n\n\n<p><\/p>\n\n\n\n<p><\/p>\n\n\n\n<p><\/p>\n\n\n<div class=\"content-button large \" \nstyle=\"text-align:center; display:block;\"><a class=\"bo-scroll-button\" style=\"background: #b8a8a1;\" href=\"https:\/\/calendly.com\/taleke-south-beach-mallorca\/30min\" target=\"_blank\" ><span class=\"button-left-icon\"><i class=\"icofont-telephone\"><\/i><\/span><span>\u00bfHablamos? Reserva tu sesi\u00f3n gratuita aqu\u00ed.<\/span><\/a><\/div>\n\n\n<p><\/p>\n\n\n\n<p class=\"has-large-font-size\"><\/p>\n\n\n\n<p><\/p>\n\n\n\n<p><\/p>\n\n\n\n<div class=\"wp-block-group is-layout-constrained wp-block-group-is-layout-constrained\"><div class=\"wp-block-group__inner-container\">\n<figure class=\"wp-block-image size-full\"><img loading=\"lazy\" decoding=\"async\" width=\"861\" height=\"154\" src=\"https:\/\/taleke.world\/wp-content\/uploads\/2025\/07\/tu-misma.png\" alt=\"\" class=\"wp-image-12160\" srcset=\"https:\/\/taleke.world\/wp-content\/uploads\/2025\/07\/tu-misma.png 861w, https:\/\/taleke.world\/wp-content\/uploads\/2025\/07\/tu-misma-300x54.png 300w, https:\/\/taleke.world\/wp-content\/uploads\/2025\/07\/tu-misma-768x137.png 768w, https:\/\/taleke.world\/wp-content\/uploads\/2025\/07\/tu-misma-580x104.png 580w\" sizes=\"auto, (max-width: 861px) 100vw, 861px\" \/><\/figure>\n<\/div><\/div>\n\n\n\n<p><\/p>\n\n\n\n<p class=\"has-large-font-size\">EL M\u00c9TODO MENOPOWER<\/p>\n\n\n\n<p>\u00bfBuscas apoyo intensivo y personalizado y asesoramiento innovador para ayudarte a gestionar el caos hormonal? <br>\u00bfCon un plan personalizado, estrategias pr\u00e1cticas de \u00ablifestyle\u00bb y apoyo emocional?<br>Juntos, identificamos las causas de tus s\u00edntomas y creamos una estrategia hormonal que se adapte sin esfuerzo a tu vida.<br>Nos mantenemos en estrecho contacto para que no pierdas de vista tus objetivos y sigas centrada en tu camino &#8211; <br>todo v\u00eda app, con el apoyo de la \u00faltima tecnolog\u00eda y sobre la base de s\u00f3lidos hallazgos cient\u00edficos.<\/p>\n\n\n\n<p><\/p>\n\n\n\n<p><\/p>\n\n\n\n<div class=\"wp-block-group is-layout-constrained wp-block-group-is-layout-constrained\"><div class=\"wp-block-group__inner-container\">\n<figure class=\"wp-block-image size-full\"><img loading=\"lazy\" decoding=\"async\" width=\"861\" height=\"154\" src=\"https:\/\/taleke.world\/wp-content\/uploads\/2025\/07\/atencion.png\" alt=\"\" class=\"wp-image-12163\" srcset=\"https:\/\/taleke.world\/wp-content\/uploads\/2025\/07\/atencion.png 861w, https:\/\/taleke.world\/wp-content\/uploads\/2025\/07\/atencion-300x54.png 300w, https:\/\/taleke.world\/wp-content\/uploads\/2025\/07\/atencion-768x137.png 768w, https:\/\/taleke.world\/wp-content\/uploads\/2025\/07\/atencion-580x104.png 580w\" sizes=\"auto, (max-width: 861px) 100vw, 861px\" \/><\/figure>\n<\/div><\/div>\n\n\n\n<p><\/p>\n\n\n\n<h2 class=\"wp-block-heading has-large-font-size\">CURSOS Y TALLERES DE HORMONAS<\/h2>\n\n\n\n<p>Adem\u00e1s de sesiones de coaching personal, tambi\u00e9n ofrezco talleres y retiros sobre diversos aspectos de la salud femenina. <br>Para asegurarte de que no te pierdes ninguna de estas ocasiones, suscr\u00edbete a mi bolet\u00edn.<br>\u00bfEst\u00e1s preparada para volver a sentirte T\u00da? Entonces, \u00a1empecemos! <\/p>\n\n\n\n<p><\/p>\n\n\n\n<p><\/p>\n\n\n\n<div class=\"wp-block-group is-layout-constrained wp-block-group-is-layout-constrained\"><div class=\"wp-block-group__inner-container\">\n<figure class=\"wp-block-image size-full\"><img loading=\"lazy\" decoding=\"async\" width=\"861\" height=\"154\" src=\"https:\/\/taleke.world\/wp-content\/uploads\/2025\/07\/el-libro.png\" alt=\"\" class=\"wp-image-12166\" srcset=\"https:\/\/taleke.world\/wp-content\/uploads\/2025\/07\/el-libro.png 861w, https:\/\/taleke.world\/wp-content\/uploads\/2025\/07\/el-libro-300x54.png 300w, https:\/\/taleke.world\/wp-content\/uploads\/2025\/07\/el-libro-768x137.png 768w, https:\/\/taleke.world\/wp-content\/uploads\/2025\/07\/el-libro-580x104.png 580w\" sizes=\"auto, (max-width: 861px) 100vw, 861px\" \/><\/figure>\n<\/div><\/div>\n\n\n\n<p><\/p>\n\n\n\n<p class=\"has-large-font-size\">A\u00d1OS DE INNOVACI\u00d3N &#8211; EL LIBRO<\/p>\n\n\n\n<p>Vivir la menopausia feliz y relajadamente no es casualidad.  <br>Es cierto que, hasta que las hormonas finalmente se despiden, el cuerpo est\u00e1 sometido a fuertes fluctuaciones hormonales durante esta fase de la vida. Esto afecta a muchas mujeres.  <br>El libro explica c\u00f3mo puedes apoyar mejor a tu cuerpo durante este periodo y lo qu\u00e9 ocurre exactamente bajo la superficie.<\/p>\n\n\n\n<p><\/p>\n\n\n\n<p><\/p>\n\n\n\n<p><\/p>\n\n\n\n<div style=\"height:20px\" aria-hidden=\"true\" class=\"wp-block-spacer\"><\/div>\n\n\n\n<div class=\"bo-color-box-wrapper alignfull \" style=\"padding-top:1px; padding-bottom:1px;\">\n<div class=\"bo-color-box\" style=\"background:#C9C6C3 ; height:15px;\"><\/div>\n<\/div>\n\t\n\t\n\n\n\n\n<section class=\"bo-block-cta-section alignfull \" style=\"background-image: url('https:\/\/taleke.world\/wp-content\/uploads\/2025\/02\/START-Du-hast-Fragen.png'); background-position:center; background-attachment:fixed; background-color:#ffffff;\">\n\t\n\t<div class=\"bo-block-cta-overlay animated fadeIn\" style=\"background-color: rgba(84, 90, 109, 0.22);\">\n<div class=\"bo-block-cta-container\" style=\"justify-content: center; min-height:450px;\">\n\t\n<div class=\"bo-block-cta-wrapper animated fadeIn  bo-cta-has-custom-tbg\" style=\"text-align:center; background:#e7dfdc; \">\n\t\n<h1 class=\"bo-block-cta-heading bo-cta-has-custom-hsize bo-cta-has-custom-hcolor\"style=\"font-size:40px;color:#54545c;\">\u00bfTienes preguntas?<\/h1> \n\t\n\t<p class=\"bo-block-cta-text  bo-cta-has-custom-tsize  bo-cta-has-custom-tcolor\" \n  style=\"font-size:20px;color:#54545c;\" >Reserva ahora tu cita para una consulta sin compromiso.<\/p>\t\n\t\t\t\n                <div class=\"bo-block-cta-buttons\">\n\n\t\t\t\t\t\t\t\t\t\t\n<a class=\"bo-block-cta-button-1 bo-scroll-button\" style=\"color:#4B4E53 ; background:#ffffff; \" href=\"https:\/\/calendly.com\/taleke-south-beach-mallorca\/30min\" target=\"_blank\">Mi calendario<\/a>\t\t\t\n\t\t\t\t\t\t\n\t\t\n\t<\/div>\n\t\n\t\t            <\/div>\n        <\/div>   \n    <\/div>\n<\/section>\n\n\n<div class=\"bo-color-box-wrapper alignfull \" style=\"padding-top:1px; padding-bottom:1px;\">\n<div class=\"bo-color-box\" style=\"background:#4B4E53; height:7px;\"><\/div>\n<\/div>\n\t\n\t","protected":false},"excerpt":{"rendered":"<p>Estoy encantada de que me hayas encontrado y hayas aterrizado en \u00abmi mundo\u00bb. B\u00e1sicamente, se trata de la salud de la mujer, el poder de las hormonas y c\u00f3mo las mujeres podemos [&#8230;] <\/p>\n","protected":false},"author":4,"featured_media":11927,"parent":0,"menu_order":0,"comment_status":"closed","ping_status":"closed","template":"onepage.php","meta":{"footnotes":""},"class_list":["post-12029","page","type-page","status-publish","has-post-thumbnail","hentry"],"_links":{"self":[{"href":"https:\/\/taleke.world\/es\/wp-json\/wp\/v2\/pages\/12029","targetHints":{"allow":["GET"]}}],"collection":[{"href":"https:\/\/taleke.world\/es\/wp-json\/wp\/v2\/pages"}],"about":[{"href":"https:\/\/taleke.world\/es\/wp-json\/wp\/v2\/types\/page"}],"author":[{"embeddable":true,"href":"https:\/\/taleke.world\/es\/wp-json\/wp\/v2\/users\/4"}],"replies":[{"embeddable":true,"href":"https:\/\/taleke.world\/es\/wp-json\/wp\/v2\/comments?post=12029"}],"version-history":[{"count":22,"href":"https:\/\/taleke.world\/es\/wp-json\/wp\/v2\/pages\/12029\/revisions"}],"predecessor-version":[{"id":12315,"href":"https:\/\/taleke.world\/es\/wp-json\/wp\/v2\/pages\/12029\/revisions\/12315"}],"wp:featuredmedia":[{"embeddable":true,"href":"https:\/\/taleke.world\/es\/wp-json\/wp\/v2\/media\/11927"}],"wp:attachment":[{"href":"https:\/\/taleke.world\/es\/wp-json\/wp\/v2\/media?parent=12029"}],"curies":[{"name":"wp","href":"https:\/\/api.w.org\/{rel}","templated":true}]}}