{"id":12034,"date":"2020-07-03T15:35:48","date_gmt":"2020-07-03T13:35:48","guid":{"rendered":"https:\/\/taleke.world\/anos-de-innovacion-el-libro\/"},"modified":"2025-07-10T18:28:18","modified_gmt":"2025-07-10T16:28:18","slug":"anos-de-innovacion-el-libro","status":"publish","type":"page","link":"https:\/\/taleke.world\/es\/anos-de-innovacion-el-libro\/","title":{"rendered":"A\u00f1os de innovaci\u00f3n &#8211; El libro"},"content":{"rendered":"\n<div class=\"bo-color-box-wrapper alignfull \" style=\"padding-top:1px; padding-bottom:1px;\">\n<div class=\"bo-color-box\" style=\"background:#C9C6C3 ; height:7px;\"><\/div>\n<\/div>\n\t\n\t\n\n\n<p><\/p>\n\n\n\n<p><\/p>\n\n\n\n<p><\/p>\n\n\n\n<p><\/p>\n\n\n\n<div class=\"wp-block-columns is-layout-flex wp-container-core-columns-is-layout-28f84493 wp-block-columns-is-layout-flex\">\n<div class=\"wp-block-column is-layout-flow wp-block-column-is-layout-flow\">\n<p><\/p>\n\n\n\n<div class=\"wp-block-group is-layout-constrained wp-block-group-is-layout-constrained\"><div class=\"wp-block-group__inner-container\">\n<div class=\"wp-block-group is-layout-constrained wp-block-group-is-layout-constrained\"><div class=\"wp-block-group__inner-container\"><div class=\"slogan zentriert \">\n<div class=\"preambel\">\n<span style=\"color:#918D8A;\">Es lo que hay&#8230;<\/span>\n<\/div>\n<h3 style=\"font-size:40px;\"><span class=\"slogan-mobile\">\u00a1tienes que pasar por ello!<\/span><\/h3><span style=\"background:#918D8A\"><\/span><\/div><\/div><\/div>\n<\/div><\/div>\n\n\n\n<p>\u00bfHas o\u00eddo estas afirmaciones u otras similares, como tantas otras mujeres, de tu m\u00e9dico y de quienes te rodean? \u00bfY te has sentido incomprendida y no vista, y mucho menos tomada en serio?   <br>La lista de s\u00edntomas t\u00edpicos de la menopausia es larga y parece un bestseller de factores perturbadores no invitados que pueden volver loca incluso a la mujer m\u00e1s equilibrada:<\/p>\n\n\n\n<p><\/p>\n\n\n\n<p>\u2714 Sofocos y brotes repentinos de sudoraci\u00f3n<\/p>\n\n\n\n<p>\u2714 Dificultad para conciliar el sue\u00f1o y permanecer dormido, despertares frecuentes<\/p>\n\n\n\n<p>\u2714 \u00abNiebla cerebral\u00bb &#8211; trastornos de la concentraci\u00f3n y memoria<\/p>\n\n\n\n<p>\u2714 Piel seca, con picores y necesidades cambiantes de cuidado de la piel<\/p>\n\n\n\n<p>\u2714 Aparici\u00f3n de artrosis, dolor en las articulaciones<\/p>\n\n\n\n<p>Por eso escrib\u00ed el libro A\u00d1OS DE INNOVACI\u00d3N: <br>Porque quiero que todas las mujeres experimenten esta etapa de la vida con confianza y felicidad.<\/p>\n<\/div>\n\n\n\n<div class=\"wp-block-column is-layout-flow wp-block-column-is-layout-flow\">\n<div class=\"wp-block-group is-layout-constrained wp-block-group-is-layout-constrained\"><div class=\"wp-block-group__inner-container\">\n<div class=\"wp-block-group is-layout-constrained wp-block-group-is-layout-constrained\"><div class=\"wp-block-group__inner-container\"><div class=\"slogan zentriert \">\n<div class=\"preambel\">\n<span style=\"color:#918D8A;\">Eso no es del todo cierto&#8230;<\/span>\n<\/div>\n<h3 style=\"font-size:40px;\"><span class=\"slogan-mobile\">\u00a1no tienes que aguantarlo, puedes hacerlo a tu manera!<\/span><\/h3><span style=\"background:#918D8A\"><\/span><\/div><\/div><\/div>\n<\/div><\/div>\n\n\n\n<p>Envejecer es un privilegio que no se concede a todo el mundo.  <br>Esto incluye varias etapas de la vida que exigen mucho del cuerpo. Sin embargo, la menopausia no es una enfermedad, sino una fase natural de cambio hormonal, que sin duda puede ser bastante estresante. \u00a1Disfrutamos juntas al m\u00e1ximo de esta etapa! Estoy deseando mostrarte c\u00f3mo puedes mantenerte en forma y sana de la menopausia y m\u00e1s all\u00e1 hasta la vejez:   <\/p>\n\n\n\n<p>\u2714 Con una dieta deliciosa, sencilla y favorable para las hormonas<\/p>\n\n\n\n<p>\u2714 Con deporte y ejercicio para todos los niveles, desde principiante a profesional<\/p>\n\n\n\n<p>\u2714 Con ejercicios de relajaci\u00f3n activa que calman los nervios<\/p>\n\n\n\n<p>\u2714 Con un mont\u00f3n de peque\u00f1os y grandes trucos para emergencias hormonales<\/p>\n\n\n\n<p>\u2714 Con la alegr\u00eda y la ligereza de una actitud positiva<\/p>\n\n\n\n<p>Benef\u00edciate de mis conocimientos y a\u00f1os de experiencia trabajando con numerosas mujeres a las que he apoyado en su transici\u00f3n hormonal.<\/p>\n<\/div>\n<\/div>\n\n\n\n<p><\/p>\n\n\n\n<p><\/p>\n\n\n\n<p><\/p>\n\n\n\n<p><\/p>\n\n\n\n<p><\/p>\n\n\n\n<h2 class=\"wp-block-heading has-text-align-center\"><strong>\u00a1LA VERSI\u00d3N EN CASTELLANO SE PUBLICAR\u00c1 EN NOVIEMBRE DE 2025!<\/strong><\/h2>\n\n\n\n<p><\/p>\n\n\n<div class=\"content-button large \" \nstyle=\"text-align:center; display:block;\"><a class=\"bo-scroll-button\" style=\"background: #b8a8a1;\" href=\"https:\/\/taleke.world\/es\/contacto\" target=\"_self\" ><span class=\"button-left-icon\"><i class=\"icofont-address-book\"><\/i><\/span><span>Publicaci\u00f3n en noviembre \u2013 ap\u00fantate a la lista de espera<\/span><\/a><\/div>\n\n\n<p><\/p>\n\n\n\n<p><\/p>\n\n\n\n<p><\/p>\n\n\n\n<p><\/p>\n\n\n\n<div class=\"wp-block-columns is-layout-flex wp-container-core-columns-is-layout-28f84493 wp-block-columns-is-layout-flex\">\n<div class=\"wp-block-column is-layout-flow wp-block-column-is-layout-flow\">\n<figure class=\"wp-block-image size-large\"><img loading=\"lazy\" decoding=\"async\" width=\"667\" height=\"1024\" src=\"https:\/\/taleke.world\/wp-content\/uploads\/2024\/07\/1-667x1024.png\" alt=\"\" class=\"wp-image-10520\" srcset=\"https:\/\/taleke.world\/wp-content\/uploads\/2024\/07\/1-667x1024.png 667w, https:\/\/taleke.world\/wp-content\/uploads\/2024\/07\/1-195x300.png 195w, https:\/\/taleke.world\/wp-content\/uploads\/2024\/07\/1-768x1179.png 768w, https:\/\/taleke.world\/wp-content\/uploads\/2024\/07\/1-1000x1536.png 1000w, https:\/\/taleke.world\/wp-content\/uploads\/2024\/07\/1-1334x2048.png 1334w, https:\/\/taleke.world\/wp-content\/uploads\/2024\/07\/1-580x891.png 580w, https:\/\/taleke.world\/wp-content\/uploads\/2024\/07\/1-1160x1781.png 1160w, https:\/\/taleke.world\/wp-content\/uploads\/2024\/07\/1.png 1628w\" sizes=\"auto, (max-width: 667px) 100vw, 667px\" \/><\/figure>\n<\/div>\n\n\n\n<div class=\"wp-block-column is-vertically-aligned-center is-layout-flow wp-block-column-is-layout-flow\">\n<figure class=\"wp-block-image aligncenter size-large\"><img loading=\"lazy\" decoding=\"async\" width=\"1024\" height=\"1024\" src=\"https:\/\/taleke.world\/wp-content\/uploads\/2024\/07\/QR-Code-1024x1024.jpeg\" alt=\"\" class=\"wp-image-10524\" srcset=\"https:\/\/taleke.world\/wp-content\/uploads\/2024\/07\/QR-Code-1024x1024.jpeg 1024w, https:\/\/taleke.world\/wp-content\/uploads\/2024\/07\/QR-Code-300x300.jpeg 300w, https:\/\/taleke.world\/wp-content\/uploads\/2024\/07\/QR-Code-150x150.jpeg 150w, https:\/\/taleke.world\/wp-content\/uploads\/2024\/07\/QR-Code-768x768.jpeg 768w, https:\/\/taleke.world\/wp-content\/uploads\/2024\/07\/QR-Code-580x580.jpeg 580w, https:\/\/taleke.world\/wp-content\/uploads\/2024\/07\/QR-Code-60x60.jpeg 60w, https:\/\/taleke.world\/wp-content\/uploads\/2024\/07\/QR-Code.jpeg 1090w\" sizes=\"auto, (max-width: 1024px) 100vw, 1024px\" \/><\/figure>\n<\/div>\n\n\n\n<div class=\"wp-block-column is-layout-flow wp-block-column-is-layout-flow\">\n<figure class=\"wp-block-image size-large\"><img loading=\"lazy\" decoding=\"async\" width=\"667\" height=\"1024\" src=\"https:\/\/taleke.world\/wp-content\/uploads\/2024\/07\/2-667x1024.png\" alt=\"\" class=\"wp-image-10521\" srcset=\"https:\/\/taleke.world\/wp-content\/uploads\/2024\/07\/2-667x1024.png 667w, https:\/\/taleke.world\/wp-content\/uploads\/2024\/07\/2-195x300.png 195w, https:\/\/taleke.world\/wp-content\/uploads\/2024\/07\/2-768x1179.png 768w, https:\/\/taleke.world\/wp-content\/uploads\/2024\/07\/2-1000x1536.png 1000w, https:\/\/taleke.world\/wp-content\/uploads\/2024\/07\/2-1334x2048.png 1334w, https:\/\/taleke.world\/wp-content\/uploads\/2024\/07\/2-580x891.png 580w, https:\/\/taleke.world\/wp-content\/uploads\/2024\/07\/2-1160x1781.png 1160w, https:\/\/taleke.world\/wp-content\/uploads\/2024\/07\/2.png 1628w\" sizes=\"auto, (max-width: 667px) 100vw, 667px\" \/><\/figure>\n<\/div>\n<\/div>\n\n\n\n<div style=\"height:35px\" aria-hidden=\"true\" class=\"wp-block-spacer\"><\/div>\n\n\n\n<p><\/p>\n\n\n\n<p><\/p>\n\n\n\n<p><\/p>\n\n\n<div class=\"content-button large \" \nstyle=\"text-align:center; display:block;\"><a class=\"bo-scroll-button\" style=\"background: #b8a8a1;\" href=\"https:\/\/www.amazon.de\/INNOVATIONSJAHRE-Gl%C3%BCcklich-entspannt-Wechseljahre-Menopausen-Guide\/dp\/B0D9MH9Z35\/ref=sr_1_1?__mk_de_DE=%C3%85M%C3%85%C5%BD%C3%95%C3%91&amp;crid=2NSO3VMTHQXR9&amp;dib=eyJ2IjoiMSJ9.HYwBGuEO-YGycaBBbdSRqFLQjPg9oG1RKc4eLwBjTL3ToGu7MZnG9tvYOUJ4lGJwEXvsoU52FHBVB1AGbCO5_llRL30KpAo7VIAaNPeZ2ONlySDlq7E2FxazT-ASYgIuwcQcw64UQNpybj23AFpmv5U344f9gStsjHiCFeT-JiNKCq1CpQMzyU_VZb0p9N9LF1_CpklWHQHGQKXSRs4XLq0IbBgZW-3yVky4sg5aEds.C8meLyYI9Q4rWJstvl66HjXsDW-1llcY26Bt7MRRTt0&amp;dib_tag=se&amp;keywords=innovationsjahre&amp;qid=1749812639&amp;sprefix=innovationsjahre%2Caps%2C471&amp;sr=8-1\" target=\"_self\" ><span>Haz tu pedido ahora o escanea el QR.<\/span><\/a><\/div>\n\n\n<p><\/p>\n\n\n\n<p><\/p>\n\n\n\n<p><\/p>\n\n\n\n<p><\/p>\n\n\n\n<h2 class=\"wp-block-heading\"><\/h2>\n\n\n\n<p><\/p>\n\n\n\n<p><\/p>\n\n\n\n<h2 class=\"wp-block-heading has-text-align-center has-x-large-font-size\"><strong>Rese\u00f1as y opiniones de clientes<\/strong><\/h2>\n\n\n\n<p class=\"has-text-align-center has-large-font-size\">Comentarios de mis lectoras:<\/p>\n\n\n\n<p><\/p>\n\n\n\n<p class=\"has-text-align-center\"><\/p>\n\n\n\n<p><\/p>\n\n\n\n<p><strong>Susanne Enders<\/strong> \u2b50\u2b50\u2b50\u2b50\u2b50<\/p>\n\n\n\n<p class=\"has-text-align-center\">He pasado los \u00faltimos a\u00f1os (obligado a \ud83e\udd23) leyendo mucho y hablando con m\u00e9dicos sobre este tema.<br>Por desgracia, la mayor\u00eda de los libros son muy te\u00f3ricos y dif\u00edciles de poner en pr\u00e1ctica en la vida diaria.<br>Este libro, sin embargo, me inspir\u00f3 totalmente con su contenido positivo, informativo y divertido.<br>Una vez que empec\u00e9, no pude dejarlo.<br>L\u00e1stima no haber descubierto este libro antes.<\/p>\n\n\n\n<p><\/p>\n\n\n\n<div class=\"bo-color-box-wrapper alignwide \" style=\"padding-top:1px; padding-bottom:1px;\">\n<div class=\"bo-color-box\" style=\"background:#C9C6C3 ; height:4px;\"><\/div>\n<\/div>\n\t\n\t\n\n\n<p><\/p>\n\n\n\n<p>  <strong>Sandra<\/strong> \u2b50\u2b50\u2b50\u2b50\u2b50<\/p>\n\n\n\n<p>Este libro no s\u00f3lo contiene consejos incre\u00edblemente buenos, pr\u00e1cticos y f\u00e1ciles de poner en pr\u00e1ctica, sino que tambi\u00e9n est\u00e1 escrito con mucho humor. El autor tiene una voz narrativa estupenda y \u00fanica que se refleja en todos los consejos e informaci\u00f3n. As\u00ed que no es s\u00f3lo un zumbido de teor\u00eda con hechos y t\u00e9rminos t\u00e9cnicos que no entiendes, sino grandes explicaciones tomadas directamente de la vida y una variedad de consejos y recetas que puedes integrar f\u00e1cilmente en tu vida diaria de inmediato. As\u00ed que s\u00ed, creo que todas las mujeres deber\u00edan leer este libro, tengan la edad que tengan, porque la menopausia es inevitable. Y a algunos hombres tampoco les vendr\u00eda mal \ud83d\ude09    <\/p>\n\n\n\n<p class=\"has-text-align-center\"><\/p>\n\n\n\n<p><\/p>\n\n\n\n<div class=\"bo-color-box-wrapper alignwide \" style=\"padding-top:1px; padding-bottom:1px;\">\n<div class=\"bo-color-box\" style=\"background:#C9C6C3 ; height:4px;\"><\/div>\n<\/div>\n\t\n\t\n\n\n<p><\/p>\n\n\n\n<p><strong>In\u00e9s L.<\/strong> \u2b50\u2b50\u2b50\u2b50\u2b50<\/p>\n\n\n\n<p><\/p>\n\n\n\n<p class=\"has-text-align-center\">\u00a1Toda mujer deber\u00eda leer este libro! Y no s\u00f3lo cuando se vea afectada por \u00e9l. Realmente es necesario centrarse m\u00e1s en este tema para concienciar a la gente. La autora se ha esforzado mucho. Est\u00e1 escrito de forma comprensible, muy buena y f\u00e1cil de leer. Tiene un toque humor\u00edstico y es entretenido. Hay algunos peque\u00f1os errores. Probablemente hubo muy poca correcci\u00f3n. No obstante, es un libro estupendo. Encargu\u00e9 inmediatamente otros dos ejemplares para regalar.         <\/p>\n\n\n\n<p><\/p>\n\n\n\n<div class=\"bo-color-box-wrapper alignwide \" style=\"padding-top:1px; padding-bottom:1px;\">\n<div class=\"bo-color-box\" style=\"background:#C9C6C3 ; height:4px;\"><\/div>\n<\/div>\n\t\n\t\n\n\n<p><\/p>\n\n\n\n<p><\/p>\n\n\n\n<p><\/p>\n\n\n\n<h2 class=\"wp-block-heading has-text-align-center\"><strong>Esc\u00fachame en Spotify<\/strong><\/h2>\n\n\n\n<p><\/p>\n\n\n\n<p><\/p>\n\n\n\n<figure class=\"wp-block-embed is-type-rich is-provider-spotify wp-block-embed-spotify wp-embed-aspect-21-9 wp-has-aspect-ratio\"><div class=\"wp-block-embed__wrapper\">\n<div class=\"bo-video-block\"><iframe title=\"Spotify Embed: Taleke revolutioniert die Wechseljahre\" style=\"border-radius: 12px\" width=\"100%\" height=\"152\" frameborder=\"0\" allowfullscreen allow=\"autoplay; clipboard-write; encrypted-media; fullscreen; picture-in-picture\" loading=\"lazy\" src=\"https:\/\/open.spotify.com\/embed\/episode\/4b8wB1yNiYo4UG8ik3pp2g?si=I6h4C1lrRYeFUaqJbil0KA&#038;utm_source=oembed\"><\/iframe><\/div>\n<\/div><\/figure>\n\n\n\n<div class=\"bo-color-box-wrapper alignfull \" style=\"padding-top:1px; padding-bottom:1px;\">\n<div class=\"bo-color-box\" style=\"background:#C9C6C3 ; height:7px;\"><\/div>\n<\/div>\n\t\n\t\n\n\n<p><\/p>\n\n\n\n<p><\/p>\n\n\n\n<p><\/p>\n","protected":false},"excerpt":{"rendered":"<p>\u00bfHas o\u00eddo estas afirmaciones u otras similares, como tantas otras mujeres, de tu m\u00e9dico y de quienes te rodean? \u00bfY te has sentido incomprendida y no vista, y mucho menos tomada en [&#8230;] <\/p>\n","protected":false},"author":4,"featured_media":11971,"parent":0,"menu_order":0,"comment_status":"closed","ping_status":"closed","template":"page-fullwidth.php","meta":{"footnotes":""},"class_list":["post-12034","page","type-page","status-publish","has-post-thumbnail","hentry"],"_links":{"self":[{"href":"https:\/\/taleke.world\/es\/wp-json\/wp\/v2\/pages\/12034","targetHints":{"allow":["GET"]}}],"collection":[{"href":"https:\/\/taleke.world\/es\/wp-json\/wp\/v2\/pages"}],"about":[{"href":"https:\/\/taleke.world\/es\/wp-json\/wp\/v2\/types\/page"}],"author":[{"embeddable":true,"href":"https:\/\/taleke.world\/es\/wp-json\/wp\/v2\/users\/4"}],"replies":[{"embeddable":true,"href":"https:\/\/taleke.world\/es\/wp-json\/wp\/v2\/comments?post=12034"}],"version-history":[{"count":10,"href":"https:\/\/taleke.world\/es\/wp-json\/wp\/v2\/pages\/12034\/revisions"}],"predecessor-version":[{"id":12274,"href":"https:\/\/taleke.world\/es\/wp-json\/wp\/v2\/pages\/12034\/revisions\/12274"}],"wp:featuredmedia":[{"embeddable":true,"href":"https:\/\/taleke.world\/es\/wp-json\/wp\/v2\/media\/11971"}],"wp:attachment":[{"href":"https:\/\/taleke.world\/es\/wp-json\/wp\/v2\/media?parent=12034"}],"curies":[{"name":"wp","href":"https:\/\/api.w.org\/{rel}","templated":true}]}}