{"id":12040,"date":"2020-06-25T15:33:19","date_gmt":"2020-06-25T13:33:19","guid":{"rendered":"https:\/\/taleke.world\/metodo-menopower\/"},"modified":"2025-07-10T18:30:48","modified_gmt":"2025-07-10T16:30:48","slug":"metodo-menopower","status":"publish","type":"page","link":"https:\/\/taleke.world\/es\/metodo-menopower\/","title":{"rendered":"M\u00e9todo MenoPower"},"content":{"rendered":"\n<p><\/p>\n\n\n\n<h2 class=\"wp-block-heading has-text-align-center has-x-large-font-size\"><strong>TU CAMINO HACIA UNA NUEVA ENERG\u00cdA Y <\/strong><br><strong>EQUILIBRIO COMIENZA AQU\u00cd.<\/strong><\/h2>\n\n\n\n<p class=\"has-text-align-center has-large-font-size\"><strong>Vive tus a\u00f1os de innovaci\u00f3n como una \u00e9poca apasionante de crecimiento personal.<\/strong><\/p>\n\n\n\n<p><\/p>\n\n\n\n<p class=\"has-text-align-center has-background has-medium-font-size\" style=\"background-color:#fdfdfd\">\u00bfEst\u00e1s viviendo la vida al m\u00e1ximo y, de repente, te sientes agotada, luchas contra los cambios de humor, los sofocos o el insomnio y, por fin, quieres volver a pasar el d\u00eda llena de energ\u00eda y alegr\u00eda de vivir?<\/p>\n\n\n\n<p class=\"has-text-align-center has-background has-medium-font-size\" style=\"background-color:#fdfdfd\">Con mi premium coaching 1:1, no s\u00f3lo est\u00e1s atendida: est\u00e1s conectada.<br>Al trabajar con la <strong>aplicaci\u00f3n IKI Health<\/strong>, te apoyo <strong>de forma cercana, individual y flexible<\/strong> en tu vida diaria, con intercambio directo, recomendaciones personalizadas y tecnolog\u00eda de vanguardia.<br>Porque la salud de la mujer moderna necesita algo m\u00e1s que una cita al mes: necesita <strong>comprensi\u00f3n, regularidad y conexi\u00f3n real.<\/strong><br>Y eso es exactamente lo que obtienes aqu\u00ed:<\/p>\n\n\n\n<p class=\"has-text-align-center has-background has-medium-font-size\" style=\"background-color:#fdfdfd\"> <strong>Mi coaching hol\u00edstico MenoPower<\/strong>, especial para mujeres en la perimenopausia y la menopausia.<\/p>\n\n\n\n<p class=\"has-text-align-center has-background has-medium-font-size\" style=\"background-color:#fdfdfd\"><strong>Tus necesidades ocupan un lugar central: <\/strong><br>Juntos desarrollaremos una estrategia hol\u00edstica adaptada a tu estado hormonal, dieta, preferencias deportivas y bienestar mental. Con soluciones personalizadas basadas en mi experiencia y en los \u00faltimos descubrimientos cient\u00edficos, recuperar\u00e1s el control sobre tu cuerpo y tus ganas de vivir. <\/p>\n\n\n\n<p class=\"has-text-align-center has-background has-medium-font-size\" style=\"background-color:#fdfdfd\">Con mi apoyo, no s\u00f3lo te librar\u00e1s de los s\u00edntomas molestando, sino que tambi\u00e9n <br><strong>reforzar\u00e1s la confianza en ti misma<\/strong> y <strong>mejorar\u00e1s tu calidad de vida.<\/strong><br>Experimenta c\u00f3mo recuperas toda tu fuerza durante los <em>a\u00f1os de innovaci\u00f3n<\/em>.<\/p>\n\n\n\n<p class=\"has-text-align-center has-background has-large-font-size\" style=\"background-color:#fdfdfd\"><strong>\u00bfEst\u00e1s preparada para vivir la menopausia como una oportunidad?<\/strong><\/p>\n\n\n\n<p><\/p>\n\n\n\n<p><\/p>\n\n\n\n<p><\/p>\n\n\n\n<p><\/p>\n\n\n\n<p><\/p>\n\n\n\n<p><\/p>\n\n\n<div class=\"content-button large \" \nstyle=\"text-align:center; display:block;\"><a class=\"bo-scroll-button\" style=\"background: #b8a8a1;\" href=\"https:\/\/calendly.com\/taleke-south-beach-mallorca\/30min\" target=\"_blank\" ><span class=\"button-left-icon\"><i class=\"icofont-star-alt-1\"><\/i><\/span><span>\u00bfTienes preguntas? Hablamos personalmente \u2013 reserva tu cita aqu\u00ed.<\/span><\/a><\/div>\n\n\n<p><\/p>\n\n\n\n<p><\/p>\n\n\n\n<p><\/p>\n\n\n\n<p><\/p>\n\n\n\n<h2 class=\"wp-block-heading has-text-align-center has-x-large-font-size\"><strong>IKI Health App &#8211; c\u00f3mo funciona<\/strong><\/h2>\n\n\n\n<p><\/p>\n\n\n\n<p><\/p>\n\n\n\n<p><\/p>\n\n\n\n<p><\/p>\n\n\n\n<p><\/p>\n\n\n\n<p><\/p>\n\n\n\n<div class=\"wp-block-columns is-layout-flex wp-container-core-columns-is-layout-28f84493 wp-block-columns-is-layout-flex\">\n<div class=\"wp-block-column is-layout-flow wp-block-column-is-layout-flow\">\n<div class=\"wp-block-group is-layout-constrained wp-block-group-is-layout-constrained\"><div class=\"wp-block-group__inner-container\">\n<figure class=\"wp-block-image size-large\"><img loading=\"lazy\" decoding=\"async\" width=\"819\" height=\"1024\" src=\"https:\/\/taleke.world\/wp-content\/uploads\/2025\/07\/2-819x1024.png\" alt=\"\" class=\"wp-image-11728\" srcset=\"https:\/\/taleke.world\/wp-content\/uploads\/2025\/07\/2-819x1024.png 819w, https:\/\/taleke.world\/wp-content\/uploads\/2025\/07\/2-240x300.png 240w, https:\/\/taleke.world\/wp-content\/uploads\/2025\/07\/2-768x960.png 768w, https:\/\/taleke.world\/wp-content\/uploads\/2025\/07\/2-580x725.png 580w, https:\/\/taleke.world\/wp-content\/uploads\/2025\/07\/2.png 1080w\" sizes=\"auto, (max-width: 819px) 100vw, 819px\" \/><\/figure>\n<\/div><\/div>\n<\/div>\n\n\n\n<div class=\"wp-block-column is-layout-flow wp-block-column-is-layout-flow\">\n<div class=\"wp-block-group is-layout-constrained wp-block-group-is-layout-constrained\"><div class=\"wp-block-group__inner-container\">\n<figure class=\"wp-block-image size-full\"><img loading=\"lazy\" decoding=\"async\" width=\"540\" height=\"675\" src=\"https:\/\/taleke.world\/wp-content\/uploads\/2025\/07\/vista-app.png\" alt=\"\" class=\"wp-image-12189\" srcset=\"https:\/\/taleke.world\/wp-content\/uploads\/2025\/07\/vista-app.png 540w, https:\/\/taleke.world\/wp-content\/uploads\/2025\/07\/vista-app-240x300.png 240w\" sizes=\"auto, (max-width: 540px) 100vw, 540px\" \/><\/figure>\n<\/div><\/div>\n<\/div>\n\n\n\n<div class=\"wp-block-column is-layout-flow wp-block-column-is-layout-flow\">\n<div class=\"wp-block-group is-layout-constrained wp-block-group-is-layout-constrained\"><div class=\"wp-block-group__inner-container\">\n<figure class=\"wp-block-image size-large\"><img loading=\"lazy\" decoding=\"async\" width=\"819\" height=\"1024\" src=\"https:\/\/taleke.world\/wp-content\/uploads\/2025\/07\/3-819x1024.png\" alt=\"\" class=\"wp-image-11729\" srcset=\"https:\/\/taleke.world\/wp-content\/uploads\/2025\/07\/3-819x1024.png 819w, https:\/\/taleke.world\/wp-content\/uploads\/2025\/07\/3-240x300.png 240w, https:\/\/taleke.world\/wp-content\/uploads\/2025\/07\/3-768x960.png 768w, https:\/\/taleke.world\/wp-content\/uploads\/2025\/07\/3-580x725.png 580w, https:\/\/taleke.world\/wp-content\/uploads\/2025\/07\/3.png 1080w\" sizes=\"auto, (max-width: 819px) 100vw, 819px\" \/><\/figure>\n<\/div><\/div>\n<\/div>\n<\/div>\n\n\n\n<div class=\"wp-block-columns is-layout-flex wp-container-core-columns-is-layout-28f84493 wp-block-columns-is-layout-flex\">\n<div class=\"wp-block-column is-layout-flow wp-block-column-is-layout-flow\">\n<h2 class=\"wp-block-heading has-text-align-center has-medium-font-size\">Feedback y planes de la semana<\/h2>\n<\/div>\n\n\n\n<div class=\"wp-block-column is-layout-flow wp-block-column-is-layout-flow\">\n<h2 class=\"wp-block-heading has-text-align-center has-medium-font-size\">Tecnolog\u00eda moderna para tus objetivos<\/h2>\n<\/div>\n\n\n\n<div class=\"wp-block-column is-layout-flow wp-block-column-is-layout-flow\">\n<div class=\"wp-block-group is-layout-constrained wp-block-group-is-layout-constrained\"><div class=\"wp-block-group__inner-container\">\n<h2 class=\"wp-block-heading has-text-align-center has-medium-font-size\">Reconocer y celebrar los progresos<\/h2>\n<\/div><\/div>\n<\/div>\n<\/div>\n\n\n\n<p><\/p>\n\n\n\n<p><\/p>\n\n\n\n<p><\/p>\n\n\n\n<p><\/p>\n\n\n\n<p><\/p>\n\n\n\n<div class=\"wp-block-group is-layout-constrained wp-block-group-is-layout-constrained\"><div class=\"wp-block-group__inner-container\">\n<div class=\"wp-block-group has-background is-layout-constrained wp-block-group-is-layout-constrained\" style=\"background-color:#fdfdfd\"><div class=\"wp-block-group__inner-container\">\n<div class=\"wp-block-media-text is-stacked-on-mobile\" style=\"grid-template-columns:27% auto\"><figure class=\"wp-block-media-text__media\"><img loading=\"lazy\" decoding=\"async\" width=\"465\" height=\"675\" src=\"https:\/\/taleke.world\/wp-content\/uploads\/2025\/07\/11.png\" alt=\"\" class=\"wp-image-11768 size-full\" srcset=\"https:\/\/taleke.world\/wp-content\/uploads\/2025\/07\/11.png 465w, https:\/\/taleke.world\/wp-content\/uploads\/2025\/07\/11-207x300.png 207w\" sizes=\"auto, (max-width: 465px) 100vw, 465px\" \/><\/figure><div class=\"wp-block-media-text__content\">\n<p><\/p>\n\n\n\n<p class=\"has-text-align-center has-large-font-size\"><strong>Lo que puedes esperar:<\/strong><\/p>\n\n\n\n<p class=\"has-background\" style=\"background-color:#fdfdfd\">\u2714 <strong>Asistencia personal:<\/strong> intercambio diario mediante mensajes de voz, directamente a trav\u00e9s de la app<\/p>\n\n\n\n<p class=\"has-background\" style=\"background-color:#fdfdfd\"><strong>\u2714 <\/strong> <strong>Plan semanal personalizado:<\/strong> Nutrici\u00f3n, ejercicio, relajaci\u00f3n: todo adaptado a ti<\/p>\n\n\n\n<p class=\"has-background\" style=\"background-color:#fdfdfd\"><strong>\u2714<\/strong> <strong>Seguimiento del estado de \u00e1nimo y los s\u00edntomas:<\/strong> c\u00f3mo reconocemos los patrones y encontramos soluciones<\/p>\n\n\n\n<p class=\"has-background\" style=\"background-color:#fdfdfd\"><strong>\u2714 <\/strong> <strong>An\u00e1lisis inteligentes:<\/strong> hacer visible el progreso &#8211; para ti y para m\u00ed<\/p>\n\n\n\n<p class=\"has-background\" style=\"background-color:#fdfdfd\"><strong>\u2714<\/strong> <strong>Contenido basado en pruebas e inspiraci\u00f3n<\/strong> directamente en tu smartphone<\/p>\n\n\n\n<p class=\"has-background\" style=\"background-color:#fdfdfd\"><strong>Integraci\u00f3n de Smartwatch<\/strong> para la actividad, la calidad del sue\u00f1o y la frecuencia card\u00edaca para la evaluaci\u00f3n espec\u00edfica del progreso <strong>&#8211;<\/strong> pero esto no es imprescindible<\/p>\n<\/div><\/div>\n<\/div><\/div>\n<\/div><\/div>\n\n\n\n<div class=\"wp-block-group is-layout-constrained wp-block-group-is-layout-constrained\"><div class=\"wp-block-group__inner-container\">\n<p><\/p>\n<\/div><\/div>\n\n\n\n<div class=\"wp-block-group is-layout-constrained wp-block-group-is-layout-constrained\"><div class=\"wp-block-group__inner-container\">\n<div class=\"wp-block-group is-layout-constrained wp-block-group-is-layout-constrained\"><div class=\"wp-block-group__inner-container\">\n<div class=\"wp-block-media-text has-media-on-the-right is-stacked-on-mobile has-background\" style=\"background-color:#fdfdfd;grid-template-columns:auto 26%\"><div class=\"wp-block-media-text__content\">\n<p><\/p>\n\n\n\n<p class=\"has-text-align-center has-large-font-size\"><strong>Tu valor de un vistazo:<\/strong><\/p>\n\n\n\n<p class=\"has-background\" style=\"background-color:#fdfdfd\"><strong>\u2714<\/strong> Premium Coaching personalizado con una estructura clara<\/p>\n\n\n\n<p class=\"has-background\" style=\"background-color:#fdfdfd\">\u2714 Aplicaci\u00f3n <strong>sencilla<\/strong> y cotidiana con la app<\/p>\n\n\n\n<p class=\"has-background\" style=\"background-color:#fdfdfd\"><strong>\u2714<\/strong> Sin esperas para las citas: <strong>estamos en contacto cuando me necesitas<\/strong><\/p>\n\n\n\n<p class=\"has-background\" style=\"background-color:#fdfdfd\"><strong>\u2714<\/strong> Personal y emp\u00e1tico, pero tambi\u00e9n bien fundamentado y dirigido<\/p>\n\n\n\n<p class=\"has-background\" style=\"background-color:#fdfdfd\">\u2714 Contenidos <strong>cient\u00edficamente<\/strong> s\u00f3lidos explicados <strong>de forma comprensible<\/strong> <\/p>\n\n\n\n<p class=\"has-background\" style=\"background-color:#fdfdfd\"><strong>\u2714<\/strong> <strong>Apoyo flexible<\/strong> que se adapta a tu vida cotidiana<\/p>\n<\/div><figure class=\"wp-block-media-text__media\"><img loading=\"lazy\" decoding=\"async\" width=\"490\" height=\"672\" src=\"https:\/\/taleke.world\/wp-content\/uploads\/2025\/07\/10.png\" alt=\"\" class=\"wp-image-11769 size-full\" srcset=\"https:\/\/taleke.world\/wp-content\/uploads\/2025\/07\/10.png 490w, https:\/\/taleke.world\/wp-content\/uploads\/2025\/07\/10-219x300.png 219w\" sizes=\"auto, (max-width: 490px) 100vw, 490px\" \/><\/figure><\/div>\n<\/div><\/div>\n<\/div><\/div>\n\n\n\n<p><\/p>\n\n\n\n<p><\/p>\n\n\n\n<p><\/p>\n\n\n\n<p><\/p>\n\n\n\n<p><\/p>\n\n\n\n<p><\/p>\n\n\n\n<h2 class=\"wp-block-heading has-text-align-center has-x-large-font-size\"><strong>Modelos de fijaci\u00f3n de precios: claros, justos y transparentes<\/strong><\/h2>\n\n\n\n<p><\/p>\n\n\n\n<p><\/p>\n\n\n\n<p><\/p>\n\n\n\n<p><\/p>\n\n\n\n<p><\/p>\n\n\n\n<p><\/p>\n\n\n\n<p><\/p>\n\n\n\n<div class=\"wp-block-columns is-layout-flex wp-container-core-columns-is-layout-28f84493 wp-block-columns-is-layout-flex\">\n<div class=\"wp-block-column is-layout-flow wp-block-column-is-layout-flow\">\n<div class=\"wp-block-group is-layout-constrained wp-block-group-is-layout-constrained\"><div class=\"wp-block-group__inner-container\">\n<div class=\"wp-block-group rahmen-box has-background is-layout-constrained wp-block-group-is-layout-constrained\" style=\"background-color:#fdfdfd\"><div class=\"wp-block-group__inner-container\"><div class=\"bo-icon-box box-center-pos rahmen-box\">\n<div class=\"box-icon icon-center-pos\">\n\t<i class=\"icofont-royal\" style=\"font-size:40px; color:#b8a8a1;\"><\/i><\/div>\n\t\n<h3 class=\"bo-icon-box-title\">MenoPower Basic 4 semanas<\/h3>\n<p class=\"bo-icon-box-subtitle\">290,- \u20ac<\/p>\t\n<p>\u25c9 An\u00e1lisis de necesidades, check-up de salud y plan individualizado<br>\n\u25c9 Incorporaci\u00f3n a la aplicaci\u00f3n Iki Health<br>\n\u25c9 Intercambio diario y seguimiento<br>\n\u25c9 Planes semanales individualizados seg\u00fan tus objetivos<br>\n\u25c9 Reuni\u00f3n inicial y encuentro final<\/p>\n\n\t<\/div><\/div><\/div>\n<\/div><\/div>\n<\/div>\n\n\n\n<div class=\"wp-block-column is-layout-flow wp-block-column-is-layout-flow\">\n<div class=\"wp-block-group is-layout-constrained wp-block-group-is-layout-constrained\"><div class=\"wp-block-group__inner-container\">\n<div class=\"wp-block-group rahmen-box has-background is-layout-constrained wp-block-group-is-layout-constrained\" style=\"background-color:#fdfdfd\"><div class=\"wp-block-group__inner-container\"><div class=\"bo-icon-box box-center-pos \">\n<div class=\"box-icon icon-center-pos\">\n\t<i class=\"icofont-royal\" style=\"font-size:40px; color:#b8a8a1;\"><\/i><\/div>\n\t\n<h3 class=\"bo-icon-box-title\">MenoPower Intenso 3 meses<\/h3>\n<p class=\"bo-icon-box-subtitle\">790,- \u20ac<\/p>\t\n<p>\u25c9 An\u00e1lisis de necesidades, check-up de salud y plan individualizado<br>\n\u25c9 Incorporaci\u00f3n a la aplicaci\u00f3n<br>\nIki Health<br>\n\u25c9 Intercambio diario y<br>\nseguimiento<br>\n\u25c9 Planes semanales individualizados seg\u00fan tus objetivos<br>\n\u25c9 Incluye tres sesiones por videollamada<br>\n\u25c9 Reuni\u00f3n inicial y encuentro final<\/p>\n\n\t<\/div><\/div><\/div>\n<\/div><\/div>\n<\/div>\n\n\n\n<div class=\"wp-block-column is-layout-flow wp-block-column-is-layout-flow\">\n<div class=\"wp-block-group is-layout-constrained wp-block-group-is-layout-constrained\"><div class=\"wp-block-group__inner-container\">\n<div class=\"wp-block-group is-layout-constrained wp-block-group-is-layout-constrained\"><div class=\"wp-block-group__inner-container\">\n<div class=\"wp-block-group rahmen-box has-background is-layout-constrained wp-block-group-is-layout-constrained\" style=\"background-color:#fdfdfd\"><div class=\"wp-block-group__inner-container\"><div class=\"bo-icon-box box-center-pos \">\n<div class=\"box-icon icon-center-pos\">\n\t<i class=\"icofont-royal\" style=\"font-size:40px; color:#b8a8a1;\"><\/i><\/div>\n\t\n<h3 class=\"bo-icon-box-title\">Renovaci\u00f3n por mes<\/h3>\n<p class=\"bo-icon-box-subtitle\">250,- \u20ac<\/p>\t\n<p>Continuaci\u00f3n flexible despu\u00e9s de uno o tres meses.<\/p>\n\n\t<\/div><\/div><\/div>\n<\/div><\/div>\n<\/div><\/div>\n<\/div>\n<\/div>\n\n\n\n<p><\/p>\n\n\n\n<p><\/p>\n\n\n\n<p><\/p>\n\n\n<div class=\"content-button large \" \nstyle=\"text-align:center; display:block;\"><a class=\"bo-scroll-button\" style=\"background: #b8a8a1;\" href=\"https:\/\/calendly.com\/taleke-south-beach-mallorca\/30min\" target=\"_blank\" ><span class=\"button-left-icon\"><i class=\"icofont-star-alt-1\"><\/i><\/span><span>Agenda una llamada sin compromiso conmigo<\/span><\/a><\/div>\n\n\n<p><\/p>\n\n\n\n<p><\/p>\n\n\n\n<p><\/p>\n\n\n\n<p><\/p>\n\n\n\n<h2 class=\"wp-block-heading has-text-align-center has-x-large-font-size\"><strong>Comentarios de mis clientes de coaching<\/strong><\/h2>\n\n\n\n<p><\/p>\n\n\n\n<h2 class=\"wp-block-heading has-text-align-center has-x-large-font-size\"><\/h2>\n\n\n\n<p><\/p>\n\n\n\n<p><\/p>\n\n\n\n<p><strong>Tina Wald, 49 a\u00f1os <\/strong><strong>\u2b50\u2b50\u2b50\u2b50\u2b50<\/strong><\/p>\n\n\n\n<p>Nunca habr\u00eda pensado que podr\u00eda mejorar tan r\u00e1pidamente.<br>Antes de empezar el coaching con Taleke, estaba totalmente ap\u00e1tica e irritable. Soy aut\u00f3noma y ahuyentaba a algunos clientes porque me volv\u00eda cada vez m\u00e1s malhumorada y no ten\u00eda nada de paciencia. Ya no me reconoc\u00eda, y adem\u00e1s engord\u00e9, aunque apenas com\u00eda.<br>Gracias al enfoque emp\u00e1tico de Taleke y a sus conocimientos sobre hormonas, por fin entend\u00ed lo que pasaba en mi cuerpo.<br>Me ense\u00f1\u00f3 c\u00f3mo pod\u00eda cambiar mi vida cotidiana con cosas sencillas.<br>Hoy me siento m\u00e1s clara, con m\u00e1s energ\u00eda y mucho m\u00e1s en contacto conmigo misma.<br>Me apetece volver a hacer ejercicio, mi peso se est\u00e1 estabilizando y, lo que es m\u00e1s importante, este cambio tambi\u00e9n se ha notado en el trabajo.  <\/p>\n\n\n\n<p><\/p>\n\n\n\n<div class=\"bo-color-box-wrapper alignwide \" style=\"padding-top:10px; padding-bottom:10px;\">\n<div class=\"bo-color-box\" style=\"background:#C9C6C3 ; height:4px;\"><\/div>\n<\/div>\n\t\n\t\n\n\n<p><\/p>\n\n\n\n<p><strong>Doreen Marquardt, 52 a\u00f1os \u2b50\u2b50\u2b50\u2b50\u2b50<\/strong><\/p>\n\n\n\n<p>Tres meses de coaching con Taleke cambiaron mi vida.<br>No quer\u00eda tomar las hormonas que me recet\u00f3 el m\u00e9dico, aunque apenas pod\u00eda dormir y estaba cansada todo el tiempo. Buscaba una soluci\u00f3n natural. Y a alguien que me comprendiera de verdad.  <\/p>\n\n\n\n<p>Lo que encontr\u00e9 con Taleke fue algo m\u00e1s que coaching.<br>Fue apoyo y comprensi\u00f3n durante el peor periodo de horror.<br>Cambiamos mi dieta, trabajamos espec\u00edficamente con hormonas vegetales y creamos nuevos h\u00e1bitos paso a paso.<\/p>\n\n\n\n<p>El contacto a trav\u00e9s de la aplicaci\u00f3n funciona muy bien. Cuando una vez dorm\u00ed demasiado poco durante 3 d\u00edas seguidos, recib\u00ed enseguida un mensaje de preocupaci\u00f3n. \u00a1Nadie m\u00e1s lo habr\u00eda visto!  <\/p>\n\n\n\n<p>Gracias, Taleke, por tu presencia inquebrantable, tu calidez de coraz\u00f3n y tus conocimientos.<br>Me has demostrado lo mucho que es posible si no te rindes, sino que te realineas. \u2764\ufe0f<\/p>\n\n\n\n<p><\/p>\n\n\n\n<p><\/p>\n\n\n\n<div class=\"bo-color-box-wrapper alignwide \" style=\"padding-top:10px; padding-bottom:10px;\">\n<div class=\"bo-color-box\" style=\"background:#C9C6C3  ; height:4px;\"><\/div>\n<\/div>\n\t\n\t","protected":false},"excerpt":{"rendered":"<p>TU CAMINO HACIA UNA NUEVA ENERG\u00cdA Y EQUILIBRIO COMIENZA AQU\u00cd. Vive tus a\u00f1os de innovaci\u00f3n como una \u00e9poca apasionante de crecimiento personal. \u00bfEst\u00e1s viviendo la vida al m\u00e1ximo y, de repente, te [&#8230;] <\/p>\n","protected":false},"author":4,"featured_media":0,"parent":0,"menu_order":0,"comment_status":"closed","ping_status":"closed","template":"page_offers.php","meta":{"footnotes":""},"class_list":["post-12040","page","type-page","status-publish","hentry"],"_links":{"self":[{"href":"https:\/\/taleke.world\/es\/wp-json\/wp\/v2\/pages\/12040","targetHints":{"allow":["GET"]}}],"collection":[{"href":"https:\/\/taleke.world\/es\/wp-json\/wp\/v2\/pages"}],"about":[{"href":"https:\/\/taleke.world\/es\/wp-json\/wp\/v2\/types\/page"}],"author":[{"embeddable":true,"href":"https:\/\/taleke.world\/es\/wp-json\/wp\/v2\/users\/4"}],"replies":[{"embeddable":true,"href":"https:\/\/taleke.world\/es\/wp-json\/wp\/v2\/comments?post=12040"}],"version-history":[{"count":9,"href":"https:\/\/taleke.world\/es\/wp-json\/wp\/v2\/pages\/12040\/revisions"}],"predecessor-version":[{"id":12195,"href":"https:\/\/taleke.world\/es\/wp-json\/wp\/v2\/pages\/12040\/revisions\/12195"}],"wp:attachment":[{"href":"https:\/\/taleke.world\/es\/wp-json\/wp\/v2\/media?parent=12040"}],"curies":[{"name":"wp","href":"https:\/\/api.w.org\/{rel}","templated":true}]}}