{"id":12056,"date":"2025-06-12T18:20:18","date_gmt":"2025-06-12T16:20:18","guid":{"rendered":"https:\/\/taleke.world\/herramientas-gratuitas\/"},"modified":"2025-07-10T18:29:32","modified_gmt":"2025-07-10T16:29:32","slug":"herramientas-gratuitas","status":"publish","type":"page","link":"https:\/\/taleke.world\/es\/herramientas-gratuitas\/","title":{"rendered":"Herramientas gratuitas"},"content":{"rendered":"\n<p><\/p>\n\n\n\n<p><\/p>\n\n\n\n<h2 class=\"wp-block-heading has-text-align-center has-x-large-font-size\"><strong>HERRAMIENTAS GRATUITAS PARA M\u00c1S CLARIDAD Y EQUILIBRIO<\/strong> <br><strong>DURANTE LA MENOPAUSIA<\/strong><\/h2>\n\n\n\n<p class=\"has-text-align-center\"><\/p>\n\n\n\n<p><\/p>\n\n\n\n<p><\/p>\n\n\n\n<h2 class=\"wp-block-heading has-text-align-center has-large-font-size\"><strong>\u00bfEs ya la menopausia o es s\u00f3lo agotamiento?<\/strong> <br> \u00a1<strong>Un autotest que te dar\u00e1 claridad<\/strong>!<\/h2>\n\n\n\n<p><\/p>\n\n\n\n<p><\/p>\n\n\n\n<div class=\"wp-block-media-text has-media-on-the-right is-stacked-on-mobile rahmen-box has-background\" style=\"background-color:#fdfdfd;grid-template-columns:auto 30%\"><div class=\"wp-block-media-text__content\">\n<p>\u00bfNo est\u00e1s segura de si ya est\u00e1s en medio de un cambio hormonal?  <br>\u00bfEst\u00e1s a menudo cansado, irritable y sientes algo dentro de ti diferente a lo que sent\u00edas antes?<\/p>\n\n\n\n<p><\/p>\n\n\n\n<p class=\"has-medium-font-size\"><strong>Entonces, \u00a1haz este test!<\/strong><\/p>\n\n\n\n<p><\/p>\n\n\n\n<p>Un an\u00e1lisis hormonal en el m\u00e9dico es importante, pero no siempre es posible en t\u00e9rminos de tiempo o dinero.<\/p>\n\n\n\n<p>Este completo autodiagn\u00f3stico te proporciona una muy buena evaluaci\u00f3n de tu situaci\u00f3n actual, y de lo que eso significa para ti.<br>Claro, estructurado y autocompletable.<\/p>\n\n\n\n<p>Rellena tu nombre y tu correo electr\u00f3nico en el siguiente formulario y te enviar\u00e9 la prueba inmediatamente.<\/p>\n<\/div><figure class=\"wp-block-media-text__media\"><img loading=\"lazy\" decoding=\"async\" width=\"707\" height=\"1000\" src=\"https:\/\/taleke.world\/wp-content\/uploads\/2025\/07\/ES-TEST-FOTO.png\" alt=\"\" class=\"wp-image-12213 size-full\" srcset=\"https:\/\/taleke.world\/wp-content\/uploads\/2025\/07\/ES-TEST-FOTO.png 707w, https:\/\/taleke.world\/wp-content\/uploads\/2025\/07\/ES-TEST-FOTO-212x300.png 212w, https:\/\/taleke.world\/wp-content\/uploads\/2025\/07\/ES-TEST-FOTO-580x820.png 580w\" sizes=\"auto, (max-width: 707px) 100vw, 707px\" \/><\/figure><\/div>\n\n\n\n<p><\/p>\n\n\n\n<p><\/p>\n\n\n<div class=\"wpforms-container wpforms-container-full wpforms-block wpforms-block-1cf04105-1c9d-4c23-ab88-8f6feff02e35 wpforms-render-modern\" id=\"wpforms-11566\"><form id=\"wpforms-form-11566\" class=\"wpforms-validate wpforms-form wpforms-ajax-form\" data-formid=\"11566\" method=\"post\" enctype=\"multipart\/form-data\" action=\"\/es\/wp-json\/wp\/v2\/pages\/12056\" data-token=\"d73b5e0e92dc625fafd81f5614ac3a39\" data-token-time=\"1776878647\"><noscript class=\"wpforms-error-noscript\">Por favor, activa JavaScript en tu navegador para completar este formulario.<\/noscript><div class=\"wpforms-hidden\" id=\"wpforms-error-noscript\">Por favor, activa JavaScript en tu navegador para completar este formulario.<\/div><div class=\"wpforms-field-container\"><div id=\"wpforms-11566-field_1-container\" class=\"wpforms-field wpforms-field-name\" data-field-id=\"1\"><fieldset><legend class=\"wpforms-field-label\">Name <span class=\"wpforms-required-label\" aria-hidden=\"true\">*<\/span><\/legend><div class=\"wpforms-field-row wpforms-field-medium\"><div class=\"wpforms-field-row-block wpforms-first wpforms-one-half\"><input type=\"text\" id=\"wpforms-11566-field_1\" class=\"wpforms-field-name-first wpforms-field-required\" name=\"wpforms[fields][1][first]\" aria-errormessage=\"wpforms-11566-field_1-error\" required><label for=\"wpforms-11566-field_1\" class=\"wpforms-field-sublabel after\">Vorname<\/label><\/div><div class=\"wpforms-field-row-block wpforms-one-half\"><input type=\"text\" id=\"wpforms-11566-field_1-last\" class=\"wpforms-field-name-last wpforms-field-required\" name=\"wpforms[fields][1][last]\" aria-errormessage=\"wpforms-11566-field_1-last-error\" required><label for=\"wpforms-11566-field_1-last\" class=\"wpforms-field-sublabel after\">Nachname<\/label><\/div><\/div><\/fieldset><\/div><div id=\"wpforms-11566-field_2-container\" class=\"wpforms-field wpforms-field-email\" data-field-id=\"2\"><label class=\"wpforms-field-label\" for=\"wpforms-11566-field_2\">E-Mail-Adresse <span class=\"wpforms-required-label\" aria-hidden=\"true\">*<\/span><\/label><input type=\"email\" id=\"wpforms-11566-field_2\" class=\"wpforms-field-medium wpforms-field-required\" name=\"wpforms[fields][2]\" spellcheck=\"false\" aria-errormessage=\"wpforms-11566-field_2-error\" required><\/div>\t\t<div id=\"wpforms-11566-field_5-container\"\n\t\t\tclass=\"wpforms-field wpforms-field-text\"\n\t\t\tdata-field-type=\"text\"\n\t\t\tdata-field-id=\"5\"\n\t\t\t>\n\t\t\t<label class=\"wpforms-field-label\" for=\"wpforms-11566-field_5\" >Datenschutz oder Name<\/label>\n\t\t\t<input type=\"text\" id=\"wpforms-11566-field_5\" class=\"wpforms-field-medium\" name=\"wpforms[fields][5]\" >\n\t\t<\/div>\n\t\t<div id=\"wpforms-11566-field_3-container\" class=\"wpforms-field wpforms-field-textarea\" data-field-id=\"3\"><label class=\"wpforms-field-label\" for=\"wpforms-11566-field_3\">Kommentar oder Nachricht<\/label><textarea id=\"wpforms-11566-field_3\" class=\"wpforms-field-medium\" name=\"wpforms[fields][3]\" aria-errormessage=\"wpforms-11566-field_3-error\" ><\/textarea><\/div><div id=\"wpforms-11566-field_4-container\" class=\"wpforms-field wpforms-field-checkbox\" data-field-id=\"4\"><fieldset><legend class=\"wpforms-field-label\">Datenschutz <span class=\"wpforms-required-label\" aria-hidden=\"true\">*<\/span><\/legend><ul id=\"wpforms-11566-field_4\" class=\"wpforms-field-required\"><li class=\"choice-1 depth-1\"><input type=\"checkbox\" id=\"wpforms-11566-field_4_1\" name=\"wpforms[fields][4][]\" value=\"Zustimmung\" aria-errormessage=\"wpforms-11566-field_4_1-error\" aria-describedby=\"wpforms-11566-field_4-description\" required ><label class=\"wpforms-field-label-inline\" for=\"wpforms-11566-field_4_1\">Zustimmung<\/label><\/li><\/ul><div id=\"wpforms-11566-field_4-description\" class=\"wpforms-field-description\">Ich stimme zu, dass meine Daten gem\u00e4\u00df der Datenschutzerkl\u00e4rung verarbeitet werden.<\/div><\/fieldset><\/div><script>\n\t\t\t\t( function() {\n\t\t\t\t\tconst style = document.createElement( 'style' );\n\t\t\t\t\tstyle.appendChild( document.createTextNode( '#wpforms-11566-field_5-container { position: absolute !important; overflow: hidden !important; display: inline !important; height: 1px !important; width: 1px !important; z-index: -1000 !important; padding: 0 !important; } #wpforms-11566-field_5-container input { visibility: hidden; } #wpforms-conversational-form-page #wpforms-11566-field_5-container label { counter-increment: none; }' ) );\n\t\t\t\t\tdocument.head.appendChild( style );\n\t\t\t\t\tdocument.currentScript?.remove();\n\t\t\t\t} )();\n\t\t\t<\/script><\/div><!-- .wpforms-field-container --><div class=\"wpforms-submit-container\" ><input type=\"hidden\" name=\"wpforms[id]\" value=\"11566\"><input type=\"hidden\" name=\"page_title\" value=\"\"><input type=\"hidden\" name=\"page_url\" value=\"https:\/\/taleke.world\/es\/wp-json\/wp\/v2\/pages\/12056\"><input type=\"hidden\" name=\"url_referer\" value=\"\"><button type=\"submit\" name=\"wpforms[submit]\" id=\"wpforms-submit-11566\" class=\"wpforms-submit\" data-alt-text=\"Wird gesendet\u00a0\u2026\" data-submit-text=\"Absenden\" aria-live=\"assertive\" value=\"wpforms-submit\">Absenden<\/button><img loading=\"lazy\" decoding=\"async\" src=\"https:\/\/taleke.world\/wp-content\/plugins\/wpforms-lite\/assets\/images\/submit-spin.svg\" class=\"wpforms-submit-spinner\" style=\"display: none;\" width=\"26\" height=\"26\" alt=\"Cargando\"><\/div><\/form><\/div>  <!-- .wpforms-container -->\n\n\n<p><\/p>\n\n\n\n<p><\/p>\n\n\n\n<p class=\"has-text-align-center has-large-font-size\"><strong>La comida debe saber bien, ser buena para el alma y nutrir el cuerpo.<br>\u00a1Saberlo tambi\u00e9n es posible durante los cambios hormonales!<\/strong><\/p>\n\n\n\n<p class=\"has-text-align-center has-large-font-size\">Actualmente disponible solamente en aleman<\/p>\n\n\n\n<p><\/p>\n\n\n\n<p><\/p>\n\n\n\n<div class=\"wp-block-group rahmen-box has-background is-content-justification-center is-layout-constrained wp-block-group-is-layout-constrained\" style=\"background-color:#fdfdfd\"><div class=\"wp-block-group__inner-container\">\n<div class=\"wp-block-media-text is-stacked-on-mobile\" style=\"grid-template-columns:30% auto\"><figure class=\"wp-block-media-text__media\"><img loading=\"lazy\" decoding=\"async\" width=\"707\" height=\"1000\" src=\"https:\/\/taleke.world\/wp-content\/uploads\/2025\/06\/Danke-Ernaehrung.png\" alt=\"\" class=\"wp-image-11574 size-full\" srcset=\"https:\/\/taleke.world\/wp-content\/uploads\/2025\/06\/Danke-Ernaehrung.png 707w, https:\/\/taleke.world\/wp-content\/uploads\/2025\/06\/Danke-Ernaehrung-212x300.png 212w, https:\/\/taleke.world\/wp-content\/uploads\/2025\/06\/Danke-Ernaehrung-580x820.png 580w\" sizes=\"auto, (max-width: 707px) 100vw, 707px\" \/><\/figure><div class=\"wp-block-media-text__content\">\n<p>La menopausia es una \u00e9poca de cambios:<br>f\u00edsicos, emocionales y, a menudo, tambi\u00e9n mentales.<br>Para darte el mejor apoyo posible durante esta fase, he elaborado para ti dos gu\u00edas de gran calidad, que puedes solicitar aqu\u00ed gratuitamente.<\/p>\n\n\n\n<p><\/p>\n\n\n\n<p class=\"has-medium-font-size\"><strong>Nutrici\u00f3n durante la menopausia &#8211;<br>con ideas de recetas respetuosas con las hormonas<\/strong><\/p>\n\n\n\n<p class=\"has-medium-font-size\"><\/p>\n\n\n\n<p>En este PDF compacto encontrar\u00e1s valiosa informaci\u00f3n sobre nutrici\u00f3n durante el cambio hormonal.<br>Todo ello se complementa con recetas seleccionadas que te ayudar\u00e1n a equilibrar tu organismo: deliciosas, aptas para el d\u00eda a d\u00eda y sin restricciones.<\/p>\n\n\n\n<p>Rellena tu nombre y tu correo electr\u00f3nico en el siguiente formulario y te enviar\u00e9 la prueba inmediatamente.<\/p>\n<\/div><\/div>\n\n\n\n<p><\/p>\n<\/div><\/div>\n\n\n\n<p><\/p>\n\n\n\n<p><\/p>\n\n\n\n<p><\/p>\n\n\n\n<p><\/p>\n\n\n\n<p><\/p>\n\n\n\n<p><\/p>\n\n\n\n<p><\/p>\n\n\n\n<p><\/p>\n\n\n<div class=\"wpforms-container wpforms-container-full wpforms-block wpforms-block-56c2b7bf-83ba-4062-b0a7-48512631e046 wpforms-render-modern\" id=\"wpforms-11566\"><form id=\"wpforms-form-11566\" class=\"wpforms-validate wpforms-form wpforms-ajax-form\" data-formid=\"11566\" method=\"post\" enctype=\"multipart\/form-data\" action=\"\/es\/wp-json\/wp\/v2\/pages\/12056\" data-token=\"d73b5e0e92dc625fafd81f5614ac3a39\" data-token-time=\"1776878647\"><noscript class=\"wpforms-error-noscript\">Por favor, activa JavaScript en tu navegador para completar este formulario.<\/noscript><div class=\"wpforms-hidden\" id=\"wpforms-error-noscript\">Por favor, activa JavaScript en tu navegador para completar este formulario.<\/div><div class=\"wpforms-field-container\"><div id=\"wpforms-11566-field_1-container\" class=\"wpforms-field wpforms-field-name\" data-field-id=\"1\"><fieldset><legend class=\"wpforms-field-label\">Name <span class=\"wpforms-required-label\" aria-hidden=\"true\">*<\/span><\/legend><div class=\"wpforms-field-row wpforms-field-medium\"><div class=\"wpforms-field-row-block wpforms-first wpforms-one-half\"><input type=\"text\" id=\"wpforms-11566-field_1\" class=\"wpforms-field-name-first wpforms-field-required\" name=\"wpforms[fields][1][first]\" aria-errormessage=\"wpforms-11566-field_1-error\" required><label for=\"wpforms-11566-field_1\" class=\"wpforms-field-sublabel after\">Vorname<\/label><\/div><div class=\"wpforms-field-row-block wpforms-one-half\"><input type=\"text\" id=\"wpforms-11566-field_1-last\" class=\"wpforms-field-name-last wpforms-field-required\" name=\"wpforms[fields][1][last]\" aria-errormessage=\"wpforms-11566-field_1-last-error\" required><label for=\"wpforms-11566-field_1-last\" class=\"wpforms-field-sublabel after\">Nachname<\/label><\/div><\/div><\/fieldset><\/div><div id=\"wpforms-11566-field_2-container\" class=\"wpforms-field wpforms-field-email\" data-field-id=\"2\"><label class=\"wpforms-field-label\" for=\"wpforms-11566-field_2\">E-Mail-Adresse <span class=\"wpforms-required-label\" aria-hidden=\"true\">*<\/span><\/label><input type=\"email\" id=\"wpforms-11566-field_2\" class=\"wpforms-field-medium wpforms-field-required\" name=\"wpforms[fields][2]\" spellcheck=\"false\" aria-errormessage=\"wpforms-11566-field_2-error\" required><\/div><div id=\"wpforms-11566-field_3-container\" class=\"wpforms-field wpforms-field-textarea\" data-field-id=\"3\"><label class=\"wpforms-field-label\" for=\"wpforms-11566-field_3\">Kommentar oder Nachricht<\/label><textarea id=\"wpforms-11566-field_3\" class=\"wpforms-field-medium\" name=\"wpforms[fields][3]\" aria-errormessage=\"wpforms-11566-field_3-error\" ><\/textarea><\/div>\t\t<div id=\"wpforms-11566-field_5-container\"\n\t\t\tclass=\"wpforms-field wpforms-field-text\"\n\t\t\tdata-field-type=\"text\"\n\t\t\tdata-field-id=\"5\"\n\t\t\t>\n\t\t\t<label class=\"wpforms-field-label\" for=\"wpforms-11566-field_5\" >Kommentar Nachricht Datenschutz<\/label>\n\t\t\t<input type=\"text\" id=\"wpforms-11566-field_5\" class=\"wpforms-field-medium\" name=\"wpforms[fields][5]\" >\n\t\t<\/div>\n\t\t<div id=\"wpforms-11566-field_4-container\" class=\"wpforms-field wpforms-field-checkbox\" data-field-id=\"4\"><fieldset><legend class=\"wpforms-field-label\">Datenschutz <span class=\"wpforms-required-label\" aria-hidden=\"true\">*<\/span><\/legend><ul id=\"wpforms-11566-field_4\" class=\"wpforms-field-required\"><li class=\"choice-1 depth-1\"><input type=\"checkbox\" id=\"wpforms-11566-field_4_1\" name=\"wpforms[fields][4][]\" value=\"Zustimmung\" aria-errormessage=\"wpforms-11566-field_4_1-error\" aria-describedby=\"wpforms-11566-field_4-description\" required ><label class=\"wpforms-field-label-inline\" for=\"wpforms-11566-field_4_1\">Zustimmung<\/label><\/li><\/ul><div id=\"wpforms-11566-field_4-description\" class=\"wpforms-field-description\">Ich stimme zu, dass meine Daten gem\u00e4\u00df der Datenschutzerkl\u00e4rung verarbeitet werden.<\/div><\/fieldset><\/div><script>\n\t\t\t\t( function() {\n\t\t\t\t\tconst style = document.createElement( 'style' );\n\t\t\t\t\tstyle.appendChild( document.createTextNode( '#wpforms-11566-field_5-container { position: absolute !important; overflow: hidden !important; display: inline !important; height: 1px !important; width: 1px !important; z-index: -1000 !important; padding: 0 !important; } #wpforms-11566-field_5-container input { visibility: hidden; } #wpforms-conversational-form-page #wpforms-11566-field_5-container label { counter-increment: none; }' ) );\n\t\t\t\t\tdocument.head.appendChild( style );\n\t\t\t\t\tdocument.currentScript?.remove();\n\t\t\t\t} )();\n\t\t\t<\/script><\/div><!-- .wpforms-field-container --><div class=\"wpforms-submit-container\" ><input type=\"hidden\" name=\"wpforms[id]\" value=\"11566\"><input type=\"hidden\" name=\"page_title\" value=\"\"><input type=\"hidden\" name=\"page_url\" value=\"https:\/\/taleke.world\/es\/wp-json\/wp\/v2\/pages\/12056\"><input type=\"hidden\" name=\"url_referer\" value=\"\"><button type=\"submit\" name=\"wpforms[submit]\" id=\"wpforms-submit-11566\" class=\"wpforms-submit\" data-alt-text=\"Wird gesendet\u00a0\u2026\" data-submit-text=\"Absenden\" aria-live=\"assertive\" value=\"wpforms-submit\">Absenden<\/button><img loading=\"lazy\" decoding=\"async\" src=\"https:\/\/taleke.world\/wp-content\/plugins\/wpforms-lite\/assets\/images\/submit-spin.svg\" class=\"wpforms-submit-spinner\" style=\"display: none;\" width=\"26\" height=\"26\" alt=\"Cargando\"><\/div><\/form><\/div>  <!-- .wpforms-container -->\n\n\n<p><\/p>\n\n\n\n<p><\/p>\n\n\n\n<p><\/p>\n\n\n\n<p><\/p>\n\n\n\n<h2 class=\"wp-block-heading has-text-align-center\"><\/h2>\n\n\n\n<p><\/p>\n\n\n\n<p><\/p>\n\n\n\n<p><\/p>\n\n\n\n<p><\/p>\n\n\n\n<p><\/p>\n\n\n\n<p><\/p>\n\n\n\n<p><\/p>\n\n\n\n<p><\/p>\n\n\n\n<p><\/p>\n\n\n\n<p><\/p>\n\n\n\n<p><\/p>\n\n\n\n<p><\/p>\n\n\n\n<p><\/p>\n","protected":false},"excerpt":{"rendered":"<p>HERRAMIENTAS GRATUITAS PARA M\u00c1S CLARIDAD Y EQUILIBRIO DURANTE LA MENOPAUSIA \u00bfEs ya la menopausia o es s\u00f3lo agotamiento? \u00a1Un autotest que te dar\u00e1 claridad! \u00bfNo est\u00e1s segura de si ya est\u00e1s en [&#8230;] <\/p>\n","protected":false},"author":4,"featured_media":0,"parent":0,"menu_order":0,"comment_status":"closed","ping_status":"closed","template":"page_offers.php","meta":{"footnotes":""},"class_list":["post-12056","page","type-page","status-publish","hentry"],"_links":{"self":[{"href":"https:\/\/taleke.world\/es\/wp-json\/wp\/v2\/pages\/12056","targetHints":{"allow":["GET"]}}],"collection":[{"href":"https:\/\/taleke.world\/es\/wp-json\/wp\/v2\/pages"}],"about":[{"href":"https:\/\/taleke.world\/es\/wp-json\/wp\/v2\/types\/page"}],"author":[{"embeddable":true,"href":"https:\/\/taleke.world\/es\/wp-json\/wp\/v2\/users\/4"}],"replies":[{"embeddable":true,"href":"https:\/\/taleke.world\/es\/wp-json\/wp\/v2\/comments?post=12056"}],"version-history":[{"count":6,"href":"https:\/\/taleke.world\/es\/wp-json\/wp\/v2\/pages\/12056\/revisions"}],"predecessor-version":[{"id":12217,"href":"https:\/\/taleke.world\/es\/wp-json\/wp\/v2\/pages\/12056\/revisions\/12217"}],"wp:attachment":[{"href":"https:\/\/taleke.world\/es\/wp-json\/wp\/v2\/media?parent=12056"}],"curies":[{"name":"wp","href":"https:\/\/api.w.org\/{rel}","templated":true}]}}