{"id":12061,"date":"2020-06-25T15:32:44","date_gmt":"2020-06-25T13:32:44","guid":{"rendered":"https:\/\/taleke.world\/sobre-mi\/"},"modified":"2025-07-10T18:31:15","modified_gmt":"2025-07-10T16:31:15","slug":"sobre-mi","status":"publish","type":"page","link":"https:\/\/taleke.world\/es\/sobre-mi\/","title":{"rendered":"Sobre m\u00ed"},"content":{"rendered":"\n<p><\/p>\n\n\n\n<p><\/p>\n\n\n\n<p><\/p>\n\n\n\n<p><\/p>\n\n\n\n<p><\/p>\n\n\n\n<div class=\"wp-block-group is-layout-constrained wp-block-group-is-layout-constrained\"><div class=\"wp-block-group__inner-container\">\n<figure class=\"wp-block-image size-full\"><img loading=\"lazy\" decoding=\"async\" width=\"861\" height=\"154\" src=\"https:\/\/taleke.world\/wp-content\/uploads\/2025\/07\/Hola.png\" alt=\"\" class=\"wp-image-12170\" srcset=\"https:\/\/taleke.world\/wp-content\/uploads\/2025\/07\/Hola.png 861w, https:\/\/taleke.world\/wp-content\/uploads\/2025\/07\/Hola-300x54.png 300w, https:\/\/taleke.world\/wp-content\/uploads\/2025\/07\/Hola-768x137.png 768w, https:\/\/taleke.world\/wp-content\/uploads\/2025\/07\/Hola-580x104.png 580w\" sizes=\"auto, (max-width: 861px) 100vw, 861px\" \/><\/figure>\n<\/div><\/div>\n\n\n\n<p><\/p>\n\n\n\n<p><\/p>\n\n\n\n<div class=\"wp-block-group is-layout-constrained wp-block-group-is-layout-constrained\"><div class=\"wp-block-group__inner-container\">\n<div class=\"wp-block-media-text has-media-on-the-right is-stacked-on-mobile is-image-fill-element has-background\" style=\"background-color:#fdfdfd\"><div class=\"wp-block-media-text__content\">\n<p>Mi misi\u00f3n es ayudar a las mujeres de m\u00e1s de 40 a\u00f1os a desarrollar todo su potencial y a tener confianza en s\u00ed mismas, tener \u00e9xito y sentirse realizadas tanto en su vida personal como profesional.<\/p>\n\n\n\n<p>Tengo 49 a\u00f1os y soy una aut\u00e9ntica ni\u00f1a costera del norte de Alemania.<\/p>\n\n\n\n<p>Encontr\u00e9 mi hogar adoptivo en Mallorca hace 18 a\u00f1os.<br>La luz especial, el sonido del mar y el sol &#8211;<br>son mis fuentes diarias de energ\u00eda e inspiraci\u00f3n.<\/p>\n\n\n\n<p class=\"has-background\" style=\"background-color:#fdfdfd\">El tema de la \u00absalud de la mujer\u00bb me acompa\u00f1a desde hace mucho tiempo, ya que diversos trastornos hormonales me han complicado la vida.<\/p>\n<\/div><figure class=\"wp-block-media-text__media\"><img loading=\"lazy\" decoding=\"async\" width=\"512\" height=\"342\" src=\"https:\/\/taleke.world\/wp-content\/uploads\/2025\/06\/2-1.png\" alt=\"\" class=\"wp-image-11439 size-full\" style=\"object-position:50% 50%\" srcset=\"https:\/\/taleke.world\/wp-content\/uploads\/2025\/06\/2-1.png 512w, https:\/\/taleke.world\/wp-content\/uploads\/2025\/06\/2-1-300x200.png 300w\" sizes=\"auto, (max-width: 512px) 100vw, 512px\" \/><\/figure><\/div>\n<\/div><\/div>\n\n\n\n<div class=\"wp-block-group is-layout-constrained wp-block-group-is-layout-constrained\"><div class=\"wp-block-group__inner-container\">\n<div class=\"wp-block-media-text is-stacked-on-mobile is-image-fill-element has-background\" style=\"background-color:#fdfdfd\"><figure class=\"wp-block-media-text__media\"><img loading=\"lazy\" decoding=\"async\" width=\"886\" height=\"650\" src=\"https:\/\/taleke.world\/wp-content\/uploads\/2025\/06\/Nice-to-1.png\" alt=\"\" class=\"wp-image-11695 size-full\" style=\"object-position:50% 50%\" srcset=\"https:\/\/taleke.world\/wp-content\/uploads\/2025\/06\/Nice-to-1.png 886w, https:\/\/taleke.world\/wp-content\/uploads\/2025\/06\/Nice-to-1-300x220.png 300w, https:\/\/taleke.world\/wp-content\/uploads\/2025\/06\/Nice-to-1-768x563.png 768w, https:\/\/taleke.world\/wp-content\/uploads\/2025\/06\/Nice-to-1-580x426.png 580w\" sizes=\"auto, (max-width: 886px) 100vw, 886px\" \/><\/figure><div class=\"wp-block-media-text__content\">\n<p>Mi perimenopausia comenz\u00f3 a principios de los cuarenta &#8211;<br>una aut\u00e9ntica monta\u00f1a rusa hormonal en la que constantemente sent\u00eda que me estaba perdiendo a m\u00ed misma.<br>Hab\u00eda engordado, estaba constantemente irritable y sufr\u00eda de una niebla cerebral extrema &#8211; \u00a1algunos d\u00edas realmente me costaba terminar frases y recordar cosas!<br>Adem\u00e1s de esto vinieron los sofocos incontrolables, la falta de sue\u00f1o y los cambios de humor.<\/p>\n\n\n\n<p>Nadie en la medicina convencional fue capaz de ayudarme a largo plazo y me sent\u00ed incomprendida y abandonada con mis problemas.<br>Gracias a mi formaci\u00f3n como \u00abmedical fitness trainer\u00bb y profesora de yoga con formaci\u00f3n adicional como \u00abCoach de Salud Hol\u00edstica Femenina\u00bb, por fin pude devolver el equilibrio a mis hormonas de forma natural.<\/p>\n<\/div><\/div>\n<\/div><\/div>\n\n\n\n<div class=\"wp-block-group is-layout-constrained wp-block-group-is-layout-constrained\"><div class=\"wp-block-group__inner-container\">\n<div class=\"wp-block-media-text has-media-on-the-right is-stacked-on-mobile is-image-fill-element has-background\" style=\"background-color:#fdfdfd\"><div class=\"wp-block-media-text__content\">\n<p>Los retos de esta \u00e9poca me han ense\u00f1ado mucho sobre la salud de la mujer y el autocuidado.<br>Ahora transmito estos conocimientos a otras mujeres y las apoyo durante el caos hormonal.<\/p>\n\n\n\n<p>No estoy en absoluto en contra de la terapia hormonal sustitutiva (THS)!<br>Para algunas personas, es absolutamente la elecci\u00f3n correcta.<br>Pero &#8230;. hay muchas mujeres que deciden no seguirla por diversos motivos.<br>Sin embargo, esto no significa que tengan que sufrir m\u00e1s de los s\u00edntomas t\u00edpicos de la menopausia. <\/p>\n<\/div><figure class=\"wp-block-media-text__media\"><img loading=\"lazy\" decoding=\"async\" width=\"1024\" height=\"683\" src=\"https:\/\/taleke.world\/wp-content\/uploads\/2024\/12\/3aaa.jpg\" alt=\"\" class=\"wp-image-11202 size-full\" style=\"object-position:50% 50%\" srcset=\"https:\/\/taleke.world\/wp-content\/uploads\/2024\/12\/3aaa.jpg 1024w, https:\/\/taleke.world\/wp-content\/uploads\/2024\/12\/3aaa-300x200.jpg 300w, https:\/\/taleke.world\/wp-content\/uploads\/2024\/12\/3aaa-768x512.jpg 768w, https:\/\/taleke.world\/wp-content\/uploads\/2024\/12\/3aaa-580x387.jpg 580w\" sizes=\"auto, (max-width: 1024px) 100vw, 1024px\" \/><\/figure><\/div>\n<\/div><\/div>\n\n\n\n<p><\/p>\n\n\n\n<p><\/p>\n\n\n\n<p><\/p>\n\n\n\n<p><\/p>\n\n\n\n<p><\/p>\n\n\n\n<div class=\"wp-block-group is-layout-constrained wp-block-group-is-layout-constrained\"><div class=\"wp-block-group__inner-container\"><div class=\"bo-double-box bo-double-desktop bo-box-fullwidth \" style=\" background:#f6f0e7\">\n\t\n<div class=\"bo-double-first\">\n<div class=\"bo-double-text\" style=\"color:#54545c;\">\n<\/div><\/div>\n<div class=\"bo-double-second\"><\/div>\n<\/div>\n\n<div class=\"bo-double-box bo-double-mobile bo-box-fullwidth\" style=\" background:#f6f0e7\">\n<div class=\"bo-double-first\">\n<div class=\"bo-double-text\" style=\"color:#54545c;\">\n<\/div><\/div>\n<div class=\"bo-double-second\"><\/div>\n<\/div>\n\n\n\n<div class=\"wp-block-columns is-layout-flex wp-container-core-columns-is-layout-28f84493 wp-block-columns-is-layout-flex\">\n<div class=\"wp-block-column is-layout-flow wp-block-column-is-layout-flow\">\n<figure class=\"wp-block-image aligncenter size-full rahmen-box\"><img loading=\"lazy\" decoding=\"async\" width=\"692\" height=\"285\" src=\"https:\/\/taleke.world\/wp-content\/uploads\/2025\/07\/Qual-ES.png\" alt=\"\" class=\"wp-image-12268\" srcset=\"https:\/\/taleke.world\/wp-content\/uploads\/2025\/07\/Qual-ES.png 692w, https:\/\/taleke.world\/wp-content\/uploads\/2025\/07\/Qual-ES-300x124.png 300w, https:\/\/taleke.world\/wp-content\/uploads\/2025\/07\/Qual-ES-580x239.png 580w\" sizes=\"auto, (max-width: 692px) 100vw, 692px\" \/><\/figure>\n<\/div>\n<\/div>\n<\/div><\/div>\n\n\n\n<p><\/p>\n\n\n\n<p><\/p>\n\n\n\n<p><\/p>\n\n\n\n<p><\/p>\n\n\n\n<p><\/p>\n\n\n\n<p><\/p>\n\n\n\n<p class=\"has-text-align-center has-large-font-size\"><strong>Pero no se trata de m\u00ed, \u00a1se trata de ti!  <br>Sobre todo, \u00a1c\u00f3mo t\u00fa tambi\u00e9n puedes vivir tu menopausia llena de energ\u00eda y dinamismo!<\/strong><\/p>\n\n\n\n<p><\/p>\n\n\n\n<p class=\"has-large-font-size\"><\/p>\n\n\n\n<p><\/p>\n\n\n\n<p><\/p>\n\n\n\n<div class=\"wp-block-group is-layout-constrained wp-block-group-is-layout-constrained\"><div class=\"wp-block-group__inner-container\"><div class=\"bo-double-box bo-double-desktop  \" style=\" background:#e7dfdc\">\n\t\n<div class=\"bo-double-second\"><div class=\"bo-double-img\" style=\"background:url(https:\/\/taleke.world\/wp-content\/uploads\/2024\/08\/Menopause-rosa-1.jpg) center center; background-size: cover; height:400px;\"><\/div><\/div>\n<div class=\"bo-double-first\">\n<div class=\"bo-double-text-right\" style=\"color:#54545c;\">\n<h2>\u00bfQu\u00e9 ocurre en mi cuerpo?<\/h2><h3>\u00bfYa estoy pasando la menopausia?<\/h3><p>Solo podemos influir en aquello que comprendemos.<br>\nTe ayudo a interpretar correctamente las se\u00f1ales de tu cuerpo y a aliviar tus molestias con m\u00e9todos realmente eficaces y f\u00e1ciles de aplicar.<\/p>\n<\/div><\/div>\n<\/div>\n\n<div class=\"bo-double-box bo-double-mobile \" style=\" background:#e7dfdc\">\n<div class=\"bo-double-first\">\n<div class=\"bo-double-text\" style=\"color:#54545c;\">\n<h2>\u00bfQu\u00e9 ocurre en mi cuerpo?<\/h2><h3>\u00bfYa estoy pasando la menopausia?<\/h3><p>Solo podemos influir en aquello que comprendemos.<br>\nTe ayudo a interpretar correctamente las se\u00f1ales de tu cuerpo y a aliviar tus molestias con m\u00e9todos realmente eficaces y f\u00e1ciles de aplicar.<\/p>\n<\/div><\/div>\n<div class=\"bo-double-second\"><div class=\"bo-double-img\" style=\"background:url(https:\/\/taleke.world\/wp-content\/uploads\/2024\/08\/Menopause-rosa-1.jpg) center center; background-size: cover; height:400px;\"><\/div><\/div>\n<\/div>\n<\/div><\/div>\n\n\n\n<div class=\"wp-block-group is-layout-constrained wp-block-group-is-layout-constrained\"><div class=\"wp-block-group__inner-container\"><div class=\"bo-double-box bo-double-desktop  \" style=\" background:#e7dfdc\">\n\t\n<div class=\"bo-double-first\">\n<div class=\"bo-double-text\" style=\"color:#54545c;\">\n<h2>\u00bfQu\u00e9 ocurre a nivel mental?<\/h2><h3>\u00bfEst\u00e1s empezando a conocerte de nuevo?<\/h3><p>No solo cambia el cuerpo.<br>\nA partir de la mediana edad, muchas mujeres tambi\u00e9n dan una nueva prioridad a su salud mental y reajustan su br\u00fajula interior.<\/p>\n<\/div><\/div>\n<div class=\"bo-double-second\"><div class=\"bo-double-img\" style=\"background:url(https:\/\/taleke.world\/wp-content\/uploads\/2024\/08\/Brain-Heart-rosa-1.jpg) center center; background-size: cover; height:400px;\"><\/div><\/div>\n<\/div>\n\n<div class=\"bo-double-box bo-double-mobile \" style=\" background:#e7dfdc\">\n<div class=\"bo-double-first\">\n<div class=\"bo-double-text\" style=\"color:#54545c;\">\n<h2>\u00bfQu\u00e9 ocurre a nivel mental?<\/h2><h3>\u00bfEst\u00e1s empezando a conocerte de nuevo?<\/h3><p>No solo cambia el cuerpo.<br>\nA partir de la mediana edad, muchas mujeres tambi\u00e9n dan una nueva prioridad a su salud mental y reajustan su br\u00fajula interior.<\/p>\n<\/div><\/div>\n<div class=\"bo-double-second\"><div class=\"bo-double-img\" style=\"background:url(https:\/\/taleke.world\/wp-content\/uploads\/2024\/08\/Brain-Heart-rosa-1.jpg) center center; background-size: cover; height:400px;\"><\/div><\/div>\n<\/div>\n<\/div><\/div>\n\n\n\n<p><\/p>\n\n\n\n<p><\/p>\n\n\n\n<div class=\"wp-block-group is-layout-constrained wp-block-group-is-layout-constrained\"><div class=\"wp-block-group__inner-container\">\n<figure class=\"wp-block-image size-full\"><img loading=\"lazy\" decoding=\"async\" width=\"861\" height=\"154\" src=\"https:\/\/taleke.world\/wp-content\/uploads\/2025\/07\/familiar.png\" alt=\"\" class=\"wp-image-12174\" srcset=\"https:\/\/taleke.world\/wp-content\/uploads\/2025\/07\/familiar.png 861w, https:\/\/taleke.world\/wp-content\/uploads\/2025\/07\/familiar-300x54.png 300w, https:\/\/taleke.world\/wp-content\/uploads\/2025\/07\/familiar-768x137.png 768w, https:\/\/taleke.world\/wp-content\/uploads\/2025\/07\/familiar-580x104.png 580w\" sizes=\"auto, (max-width: 861px) 100vw, 861px\" \/><\/figure>\n<\/div><\/div>\n\n\n\n<p><\/p>\n\n\n\n<p>\u00bfTe acuerdas perfectamente del n\u00famero de tel\u00e9fono de tu infancia, pero no recuerdas el nombre de la persona que acabas de conocer?<br>\u00bfExperimentas cada vez m\u00e1s brotes espont\u00e1neos de sudoraci\u00f3n en los momentos m\u00e1s inoportunos?<br>\u00bfSientes a menudo un peque\u00f1o \u00abdolor de arranque\u00bb en las articulaciones por la ma\u00f1ana? \u00bfO ya sigues sintiendo el dolor punzante a lo largo del d\u00eda? <br>\u00bfTu piel est\u00e1 cada vez m\u00e1s seca y necesita cuidados, incluso en lugares que nunca cre\u00edste posibles?<br>O una ligera irritabilidad que no es realmente tu naturaleza, \u00bftambi\u00e9n lo reconoces?<\/p>\n\n\n\n<p><\/p>\n\n\n\n<div class=\"wp-block-group is-layout-constrained wp-block-group-is-layout-constrained\"><div class=\"wp-block-group__inner-container\">\n<figure class=\"wp-block-image size-full\"><img loading=\"lazy\" decoding=\"async\" width=\"861\" height=\"154\" src=\"https:\/\/taleke.world\/wp-content\/uploads\/2025\/07\/conocernos.png\" alt=\"\" class=\"wp-image-12177\" srcset=\"https:\/\/taleke.world\/wp-content\/uploads\/2025\/07\/conocernos.png 861w, https:\/\/taleke.world\/wp-content\/uploads\/2025\/07\/conocernos-300x54.png 300w, https:\/\/taleke.world\/wp-content\/uploads\/2025\/07\/conocernos-768x137.png 768w, https:\/\/taleke.world\/wp-content\/uploads\/2025\/07\/conocernos-580x104.png 580w\" sizes=\"auto, (max-width: 861px) 100vw, 861px\" \/><\/figure>\n<\/div><\/div>\n\n\n\n<p class=\"has-large-font-size\"><\/p>\n\n\n\n<p class=\"has-medium-font-size\">Te ofrezco mi apoyo y juntos elaboraremos soluciones para tus mayores retos durante el cambio hormonal, tales como<\/p>\n\n\n\n<p class=\"has-medium-font-size\"><\/p>\n\n\n\n<p>\u2714 Tus hormonas y c\u00f3mo puedes conseguir un equilibrio saludable para aliviar los s\u00edntomas y mantenerte sano y vital a largo plazo.<\/p>\n\n\n\n<p>\u2714 tu dieta para que puedas encontrar alternativas saludables sin sacrificar el placer.<\/p>\n\n\n\n<p>\u2714 Tu estilo de vida y c\u00f3mo peque\u00f1os ajustes pueden ayudarte a alcanzar tus objetivos personales.<\/p>\n\n\n\n<p>\u2714 Un programa de ejercicios divertido y adaptado a tus necesidades individuales durante la peri\/menopausia.<\/p>\n\n\n\n<p>\u2714 El uso selectivo de complementos alimenticios que favorecen tu salud y aumentan tu vitalidad.<\/p>\n\n\n\n<p>\u2714 Tu comportamiento del sue\u00f1o y las estrategias para optimizarlo para una mejor regeneraci\u00f3n.<\/p>\n\n\n\n<p><\/p>\n\n\n\n<p><\/p>\n\n\n\n<p><\/p>\n\n\n\n<div class=\"wp-block-group is-layout-constrained wp-block-group-is-layout-constrained\"><div class=\"wp-block-group__inner-container\">\n<figure class=\"wp-block-image aligncenter size-full\"><img loading=\"lazy\" decoding=\"async\" width=\"861\" height=\"154\" src=\"https:\/\/taleke.world\/wp-content\/uploads\/2025\/07\/disfrutar.png\" alt=\"\" class=\"wp-image-12180\" srcset=\"https:\/\/taleke.world\/wp-content\/uploads\/2025\/07\/disfrutar.png 861w, https:\/\/taleke.world\/wp-content\/uploads\/2025\/07\/disfrutar-300x54.png 300w, https:\/\/taleke.world\/wp-content\/uploads\/2025\/07\/disfrutar-768x137.png 768w, https:\/\/taleke.world\/wp-content\/uploads\/2025\/07\/disfrutar-580x104.png 580w\" sizes=\"auto, (max-width: 861px) 100vw, 861px\" \/><\/figure>\n<\/div><\/div>\n\n\n\n<p class=\"has-medium-font-size\"><\/p>\n\n\n\n<p><\/p>\n\n\n\n<p><\/p>\n\n\n<div class=\"content-button large \" \nstyle=\"text-align:center; display:block;\"><a class=\"bo-scroll-button\" style=\"background: #b8a8a1;\" href=\"https:\/\/calendly.com\/taleke-south-beach-mallorca\/30min\" target=\"_blank\" ><span class=\"button-left-icon\"><i class=\"icofont-star-alt-1\"><\/i><\/span><span>\u00bfNecesitas ayuda con tus hormonas? \u00a1Hablemos!<\/span><\/a><\/div>\n\n\n<p class=\"has-small-font-size\"><br><\/p>\n\n\n\n<p class=\"has-small-font-size\"><\/p>\n","protected":false},"excerpt":{"rendered":"<p>Mi misi\u00f3n es ayudar a las mujeres de m\u00e1s de 40 a\u00f1os a desarrollar todo su potencial y a tener confianza en s\u00ed mismas, tener \u00e9xito y sentirse realizadas tanto en su [&#8230;] <\/p>\n","protected":false},"author":3,"featured_media":11965,"parent":0,"menu_order":0,"comment_status":"closed","ping_status":"closed","template":"page-fullwidth.php","meta":{"footnotes":""},"class_list":["post-12061","page","type-page","status-publish","has-post-thumbnail","hentry"],"_links":{"self":[{"href":"https:\/\/taleke.world\/es\/wp-json\/wp\/v2\/pages\/12061","targetHints":{"allow":["GET"]}}],"collection":[{"href":"https:\/\/taleke.world\/es\/wp-json\/wp\/v2\/pages"}],"about":[{"href":"https:\/\/taleke.world\/es\/wp-json\/wp\/v2\/types\/page"}],"author":[{"embeddable":true,"href":"https:\/\/taleke.world\/es\/wp-json\/wp\/v2\/users\/3"}],"replies":[{"embeddable":true,"href":"https:\/\/taleke.world\/es\/wp-json\/wp\/v2\/comments?post=12061"}],"version-history":[{"count":7,"href":"https:\/\/taleke.world\/es\/wp-json\/wp\/v2\/pages\/12061\/revisions"}],"predecessor-version":[{"id":12273,"href":"https:\/\/taleke.world\/es\/wp-json\/wp\/v2\/pages\/12061\/revisions\/12273"}],"wp:featuredmedia":[{"embeddable":true,"href":"https:\/\/taleke.world\/es\/wp-json\/wp\/v2\/media\/11965"}],"wp:attachment":[{"href":"https:\/\/taleke.world\/es\/wp-json\/wp\/v2\/media?parent=12061"}],"curies":[{"name":"wp","href":"https:\/\/api.w.org\/{rel}","templated":true}]}}